{"id":593,"date":"2023-08-29T21:35:38","date_gmt":"2023-08-29T21:35:38","guid":{"rendered":"https:\/\/www.ptpi.pl\/?page_id=593"},"modified":"2025-01-27T20:13:21","modified_gmt":"2025-01-27T20:13:21","slug":"mapa-iv-teams","status":"publish","type":"page","link":"https:\/\/www.ptpi.pl\/index.php\/mapa-iv-teams\/","title":{"rendered":"Mapa IV Teams"},"content":{"rendered":"\n<div class=\"wp-block-columns is-layout-flex wp-container-core-columns-is-layout-1 wp-block-columns-is-layout-flex\">\n<div class=\"wp-block-column is-layout-flow wp-block-column-is-layout-flow\" style=\"flex-basis:33.33%\">\n<figure class=\"wp-block-image size-large\"><img loading=\"lazy\" decoding=\"async\" width=\"1024\" height=\"1024\" src=\"https:\/\/www.ptpi.pl\/wp-content\/uploads\/2024\/11\/Blue-Minimal-World-Health-Day-Instagram-Post-1024x1024.png\" alt=\"\" class=\"wp-image-1428\" srcset=\"https:\/\/www.ptpi.pl\/wp-content\/uploads\/2024\/11\/Blue-Minimal-World-Health-Day-Instagram-Post-1024x1024.png 1024w, https:\/\/www.ptpi.pl\/wp-content\/uploads\/2024\/11\/Blue-Minimal-World-Health-Day-Instagram-Post-300x300.png 300w, https:\/\/www.ptpi.pl\/wp-content\/uploads\/2024\/11\/Blue-Minimal-World-Health-Day-Instagram-Post-150x150.png 150w, https:\/\/www.ptpi.pl\/wp-content\/uploads\/2024\/11\/Blue-Minimal-World-Health-Day-Instagram-Post-768x768.png 768w, https:\/\/www.ptpi.pl\/wp-content\/uploads\/2024\/11\/Blue-Minimal-World-Health-Day-Instagram-Post.png 1080w\" sizes=\"auto, (max-width: 1024px) 100vw, 1024px\" \/><\/figure>\n<\/div>\n\n\n\n<div class=\"wp-block-column is-layout-flow wp-block-column-is-layout-flow\" style=\"flex-basis:66.66%\">\n<p>Zapraszamy do zg\u0142aszania szpitali, w kt\u00f3rych funkcjonuj\u0105 ro\u017cnego rodzaju zespo\u0142y dost\u0119p\u00f3w naczyniowych i zespo\u0142y infuzyjne.<\/p>\n\n\n\n<p><a href=\"https:\/\/forms.gle\/yh3WEHTCUvjpD7ET9\" data-type=\"URL\" data-id=\"https:\/\/forms.gle\/yh3WEHTCUvjpD7ET9\">Zg\u0142o\u015b sw\u00f3j zesp\u00f3\u0142 &gt;&gt;<\/a><\/p>\n\n\n\n<p>Przez w\/w zesp\u00f3\u0142 rozumie si\u0119:<\/p>\n\n\n\n<ul class=\"wp-block-list\">\n<li>istnienie zespo\u0142u w oficjalnej strukturze plac\u00f3wki ochrony zdrowia,<\/li>\n\n\n\n<li>powo\u0142anie dedykowanej grupy ludzi odpowiedzialnej za implantacj\u0119 dost\u0119p\u00f3w, obserwacj\u0119 i edukacj\u0119 personelu i pacjent\u00f3w (nawet je\u015bli zesp\u00f3\u0142 nie istnieje w oficjalnej strukturze)<\/li>\n\n\n\n<li>mo\u017cliwo\u015b\u0107 zastosowania strategii wyboru dost\u0119pu do\u017cylnego (kr\u00f3tkie kaniule, cewniki po\u015brednie, cewniki centralne) przez cz\u0142onk\u00f3w zespo\u0142u.<\/li>\n<\/ul>\n\n\n\n<p>Mapa IV Teams pozwoli na okre\u015blenie realnych zmian w tym obszarze piel\u0119gniarstwa infuzyjnego.<\/p>\n<\/div>\n<\/div>\n\n\n\n<center><iframe loading=\"lazy\" src=\"https:\/\/www.google.com\/maps\/d\/u\/3\/embed?mid=13ThaNGWfpQ-MrlrjFb5l72GtSWJ1X-c&#038;ehbc=2E312F\" width=\"640\" height=\"480\"><\/iframe><\/center>\n\n\n\n<p>Kontakt w sprawie mapy: marceli.solecki@ptpi.pl<\/p>\n","protected":false},"excerpt":{"rendered":"<p>Zapraszamy do zg\u0142aszania szpitali, w kt\u00f3rych funkcjonuj\u0105 ro\u017cnego rodzaju zespo\u0142y dost\u0119p\u00f3w naczyniowych i zespo\u0142y infuzyjne. Zg\u0142o\u015b sw\u00f3j zesp\u00f3\u0142 &gt;&gt; Przez w\/w zesp\u00f3\u0142 rozumie si\u0119: Mapa IV Teams pozwoli na okre\u015blenie realnych zmian w tym obszarze piel\u0119gniarstwa infuzyjnego. Kontakt w sprawie mapy: marceli.solecki@ptpi.pl<\/p>\n","protected":false},"author":1,"featured_media":0,"parent":0,"menu_order":0,"comment_status":"closed","ping_status":"closed","template":"","meta":{"_themeisle_gutenberg_block_has_review":false,"footnotes":""},"class_list":["post-593","page","type-page","status-publish","hentry"],"_links":{"self":[{"href":"https:\/\/www.ptpi.pl\/index.php\/wp-json\/wp\/v2\/pages\/593","targetHints":{"allow":["GET"]}}],"collection":[{"href":"https:\/\/www.ptpi.pl\/index.php\/wp-json\/wp\/v2\/pages"}],"about":[{"href":"https:\/\/www.ptpi.pl\/index.php\/wp-json\/wp\/v2\/types\/page"}],"author":[{"embeddable":true,"href":"https:\/\/www.ptpi.pl\/index.php\/wp-json\/wp\/v2\/users\/1"}],"replies":[{"embeddable":true,"href":"https:\/\/www.ptpi.pl\/index.php\/wp-json\/wp\/v2\/comments?post=593"}],"version-history":[{"count":4,"href":"https:\/\/www.ptpi.pl\/index.php\/wp-json\/wp\/v2\/pages\/593\/revisions"}],"predecessor-version":[{"id":1517,"href":"https:\/\/www.ptpi.pl\/index.php\/wp-json\/wp\/v2\/pages\/593\/revisions\/1517"}],"wp:attachment":[{"href":"https:\/\/www.ptpi.pl\/index.php\/wp-json\/wp\/v2\/media?parent=593"}],"curies":[{"name":"wp","href":"https:\/\/api.w.org\/{rel}","templated":true}]}}