{"id":57,"date":"2023-04-21T19:01:38","date_gmt":"2023-04-21T19:01:38","guid":{"rendered":"http:\/\/www.ptpi.pl\/?page_id=57"},"modified":"2023-04-21T19:01:39","modified_gmt":"2023-04-21T19:01:39","slug":"polityka-prywatnosci-strony-ptpi","status":"publish","type":"page","link":"https:\/\/www.ptpi.pl\/index.php\/polityka-prywatnosci-strony-ptpi\/","title":{"rendered":"Polityka Prywatno\u015bci strony PTPI"},"content":{"rendered":"\n<p><strong>Prywatno\u015b\u0107 u\u017cytkownik\u00f3w strony PTPI jest dla nas bardzo wa\u017cna. Poni\u017cej znajduje si\u0119 informacja o danych osobistych pobieranych w momencie odwiedzin strony <\/strong><a href=\"https:\/\/ptpi.pl\"><strong>ptpi.pl<\/strong><\/a><strong> Nigdy nie sprzedajemy ani nie przekazujemy tych informacji innym podmiotom.<\/strong><\/p>\n\n\n\n<p><strong>Pliki z logami<\/strong><\/p>\n\n\n\n<p>Tak jak na wi\u0119kszo\u015bci innych witryn internetowych zbierane s\u0105 i wykorzystywane dane zawarte w plikach log\u00f3w. Informacje z plik\u00f3w log\u00f3w zawieraj\u0105 Tw\u00f3j numer IP, nazw\u0119 sieciow\u0105 komputera (host), Twojego dostawc\u0119 Internetu (na przyk\u0142ad TP SA, czy Dialog), przegl\u0105dark\u0119, z kt\u00f3rej korzystasz (na przyk\u0142ad Internet Explorer lub Mozilla Firefox), czas jaki sp\u0119dzasz na stronie oraz kt\u00f3re strony otwierasz, korzystaj\u0105c z mojego serwisu.<\/p>\n\n\n\n<p><strong>Pliki cookie i sygnalizatory WWW<\/strong><\/p>\n\n\n\n<p>U\u017cywamy plik\u00f3w cookie (ciasteczek) do przechowywania informacji takich, jak Twoje osobiste ustawienia kiedy odwiedzasz nasz serwis. Mo\u017ce to obejmowa\u0107 mo\u017cliwo\u015b\u0107 zalogowania do niekt\u00f3rych funkcji serwisu, jak forum, czat, czy pola formularzy.<\/p>\n\n\n\n<p>Mo\u017cesz zdezaktywowa\u0107 lub ca\u0142kowicie wy\u0142\u0105czy\u0107 pliki cookies na naszych stronach lub stronach naszych reklamodawc\u00f3w w opcjach swojej przegl\u0105darki internetowej lub wybieraj\u0105c odpowiedni\u0105 opcj\u0119 w programach typu firewall (np. Norton Internet Security).&nbsp;<\/p>\n\n\n\n<p>Wy\u0142\u0105czenie plik\u00f3w cookie mo\u017ce jednak spowodowa\u0107 niemo\u017cliwo\u015b\u0107 pe\u0142nego wykorzystania opcji naszego serwisu. Nie b\u0119dzie mo\u017cna mi\u0119dzy innymi zalogowa\u0107 si\u0119 do for oraz tworzenia i logowania do w\u0142asnych kont.<\/p>\n","protected":false},"excerpt":{"rendered":"<p>Prywatno\u015b\u0107 u\u017cytkownik\u00f3w strony PTPI jest dla nas bardzo wa\u017cna. Poni\u017cej znajduje si\u0119 informacja o danych osobistych pobieranych w momencie odwiedzin strony ptpi.pl Nigdy nie sprzedajemy ani nie przekazujemy tych informacji innym podmiotom. Pliki z logami Tak jak na wi\u0119kszo\u015bci innych witryn internetowych zbierane s\u0105 i wykorzystywane dane zawarte w plikach log\u00f3w. Informacje z plik\u00f3w log\u00f3w [&hellip;]<\/p>\n","protected":false},"author":1,"featured_media":0,"parent":0,"menu_order":0,"comment_status":"closed","ping_status":"closed","template":"","meta":{"_themeisle_gutenberg_block_has_review":false,"footnotes":""},"class_list":["post-57","page","type-page","status-publish","hentry"],"_links":{"self":[{"href":"https:\/\/www.ptpi.pl\/index.php\/wp-json\/wp\/v2\/pages\/57","targetHints":{"allow":["GET"]}}],"collection":[{"href":"https:\/\/www.ptpi.pl\/index.php\/wp-json\/wp\/v2\/pages"}],"about":[{"href":"https:\/\/www.ptpi.pl\/index.php\/wp-json\/wp\/v2\/types\/page"}],"author":[{"embeddable":true,"href":"https:\/\/www.ptpi.pl\/index.php\/wp-json\/wp\/v2\/users\/1"}],"replies":[{"embeddable":true,"href":"https:\/\/www.ptpi.pl\/index.php\/wp-json\/wp\/v2\/comments?post=57"}],"version-history":[{"count":1,"href":"https:\/\/www.ptpi.pl\/index.php\/wp-json\/wp\/v2\/pages\/57\/revisions"}],"predecessor-version":[{"id":58,"href":"https:\/\/www.ptpi.pl\/index.php\/wp-json\/wp\/v2\/pages\/57\/revisions\/58"}],"wp:attachment":[{"href":"https:\/\/www.ptpi.pl\/index.php\/wp-json\/wp\/v2\/media?parent=57"}],"curies":[{"name":"wp","href":"https:\/\/api.w.org\/{rel}","templated":true}]}}