{"id":496,"date":"2023-07-06T20:07:40","date_gmt":"2023-07-06T20:07:40","guid":{"rendered":"https:\/\/www.ptpi.pl\/?page_id=496"},"modified":"2026-03-15T12:09:55","modified_gmt":"2026-03-15T12:09:55","slug":"stanowiska-i-rekomendacje","status":"publish","type":"page","link":"https:\/\/www.ptpi.pl\/index.php\/stanowiska-i-rekomendacje\/","title":{"rendered":"Stanowiska i rekomendacje"},"content":{"rendered":"\n<p class=\"has-text-align-center\"><a href=\"https:\/\/deklaracja-bezpiecznyszpital.pl\/wp-content\/uploads\/2024\/06\/Raport-Rekomendacje-Ekspertow-Grupy-Roboczej-Bezpieczny-Dostep-Naczyniowy_WWW.pdf\">Rekomendacje <strong>Bezpieczny Dost\u0119p Naczyniowy<\/strong><\/a><\/p>\n\n\n\n<p class=\"has-text-align-center has-ti-bg-color has-cyan-bluish-gray-background-color has-text-color has-background has-link-color wp-elements-1aba7237d5fa01f3533fc19dd518d567\"><a href=\"https:\/\/evereth.pl\/project\/porownanie-kosztow-procedur-wprowadzania-cewnika-posredniego-i-krotkiej-kaniuli-dozylnej\/#\">Por\u00f3wnanie koszt\u00f3w procedur wprowadzania cewnika po\u015bredniego i\u00a0kr\u00f3tkiej kaniuli do\u017cylnej<\/a><\/p>\n\n\n\n<p class=\"has-text-align-center has-ti-bg-color has-cyan-bluish-gray-background-color has-text-color has-background has-link-color wp-elements-be6e7ad12d00b8bffa075f2cedaef5c8\"><a href=\"https:\/\/evereth.pl\/project\/procedura-wprowadzania-cewnikow-posrednich-do-zyl-obwodowych-rekomendacja-polskiego-towarzystwa-pielegniarstwa-infuzyjnego\/\">Procedura wprowadzania cewnik\u00f3w po\u015brednich do \u017cy\u0142 obwodowych \u2013 rekomendacja Polskiego Towarzystwa Piel\u0119gniarstwa Infuzyjnego<\/a><\/p>\n\n\n\n<p class=\"has-text-align-center has-ti-bg-color has-cyan-bluish-gray-background-color has-text-color has-background has-link-color wp-elements-64e02c70b8cc5be6ba082cbcfc8b09de\"><a href=\"https:\/\/evereth.pl\/project\/wytyczne-ava-2026-co-nowego-w-dobrych-praktykach-opartych-na-dowodach\/#\" data-type=\"link\" data-id=\"https:\/\/evereth.pl\/project\/wytyczne-ava-2026-co-nowego-w-dobrych-praktykach-opartych-na-dowodach\/#\">Wytyczne AVA 2026: co nowego w\u00a0dobrych praktykach opartych na dowodach?<\/a><\/p>\n\n\n\n<p class=\"has-text-align-center has-ti-bg-color has-cyan-bluish-gray-background-color has-text-color has-background has-link-color wp-elements-e3de1257f706eae85ad5a2d55a866db1\"><a href=\"https:\/\/evereth.pl\/project\/standard-klinicznego-postepowania-w-zakresie-antyseptyki-skory-u-pacjentow-z-dostepem-naczyniowym-stanowisko-polskiego-towarzystwa-pielegniarstwa-infuzyjnego\/#\" data-type=\"link\" data-id=\"https:\/\/evereth.pl\/project\/standard-klinicznego-postepowania-w-zakresie-antyseptyki-skory-u-pacjentow-z-dostepem-naczyniowym-stanowisko-polskiego-towarzystwa-pielegniarstwa-infuzyjnego\/#\">Standard klinicznego post\u0119powania w\u00a0zakresie antyseptyki sk\u00f3ry u\u00a0pacjent\u00f3w z\u00a0dost\u0119pem naczyniowym \u2013 stanowisko Polskiego Towarzystwa Piel\u0119gniarstwa Infuzyjnego<\/a><\/p>\n\n\n\n<p class=\"has-text-align-center has-ti-bg-color has-cyan-bluish-gray-background-color has-text-color has-background has-link-color wp-elements-8f5f3da8bbbcae5cf979c4299df914f1\"><a href=\"https:\/\/evereth.pl\/project\/educational-framework-for-midline-and-long-peripheral-catheter-insertion-a-narrative-review\/#\">Model edukacyjny we wprowadzaniu cewnik\u00f3w po\u015brednich i\u00a0d\u0142ugich kaniul obwodowych: przegl\u0105d narracyjny<\/a><\/p>\n\n\n\n<p class=\"has-text-align-center has-ti-fg-alt-color has-cyan-bluish-gray-background-color has-text-color has-background has-link-color wp-elements-1628c86a48390e7bae9dd08d1fb9ba12\"><a href=\"https:\/\/evereth.pl\/project\/stanowisko-polskiego-towarzystwa-pielegniarstwa-infuzyjnego-w-sprawie-rodzaju-rekawiczek-jakie-nalezy-stosowac-podczas-obslugi-dozylnych-cewnikow-centralnych\/\" data-type=\"link\" data-id=\"https:\/\/evereth.pl\/project\/stanowisko-polskiego-towarzystwa-pielegniarstwa-infuzyjnego-w-sprawie-rodzaju-rekawiczek-jakie-nalezy-stosowac-podczas-obslugi-dozylnych-cewnikow-centralnych\/\">Stanowisko Polskiego Towarzystwa Piel\u0119gniarstwa Infuzyjnego w\u00a0sprawie rodzaju r\u0119kawiczek, jakie nale\u017cy stosowa\u0107 podczas obs\u0142ugi do\u017cylnych cewnik\u00f3w centralnych<\/a><\/p>\n\n\n\n<p class=\"has-text-align-center has-ti-bg-color has-cyan-bluish-gray-background-color has-text-color has-background has-link-color wp-elements-cfa07de2dc8c32bce668d9a61da52a40\"><a href=\"https:\/\/evereth.pl\/project\/stosowanie-roztworu-wypelniajacego-linie-tetnicza-podczas-prowadzenia-inwazyjnego-pomiaru-cisnienia-tetniczego-stanowisko-polskiego-towarzystwa-pielegniarstwa-infuzyjnego\/#\" data-type=\"link\" data-id=\"https:\/\/evereth.pl\/project\/stosowanie-roztworu-wypelniajacego-linie-tetnicza-podczas-prowadzenia-inwazyjnego-pomiaru-cisnienia-tetniczego-stanowisko-polskiego-towarzystwa-pielegniarstwa-infuzyjnego\/#\">Stanowisko Polskiego Towarzystwa Piel\u0119gniarstwa Infuzyjnego z dnia 11 listopada 2024 w sprawie stosowania roztworu wype\u0142niaj\u0105cego lini\u0119 t\u0119tnicz\u0105 podczas monitorowania inwazyjnego pomiaru ci\u015bnienia<\/a><\/p>\n\n\n\n<p class=\"has-text-align-center has-ti-bg-color has-cyan-bluish-gray-background-color has-text-color has-background has-link-color wp-elements-93424d8b8263d520fa7ed81a0f838aa6\"><a href=\"https:\/\/evereth.pl\/project\/standard-stosowania-drenow-przedluzajacych-z-kranikiem-trojdroznym-dolaczanych-do-krotkich-kaniul-dozylnych-obwodowych-stanowisko-polskiego-towarzystwa-pielegniarstwa-infuzyjnego\/\" data-type=\"link\" data-id=\"https:\/\/evereth.pl\/project\/standard-stosowania-drenow-przedluzajacych-z-kranikiem-trojdroznym-dolaczanych-do-krotkich-kaniul-dozylnych-obwodowych-stanowisko-polskiego-towarzystwa-pielegniarstwa-infuzyjnego\/\">Stanowisko Polskiego Towarzystwa Piel\u0119gniarstwa Infuzyjnego z dnia 2 sierpnia 2024 w sprawie standardu stosowania dren\u00f3w przed\u0142u\u017caj\u0105cych z kranikiem tr\u00f3jdro\u017cnym do\u0142\u0105czanych do kr\u00f3tkich kaniul do\u017cylnych obwodowych<\/a><\/p>\n\n\n\n<p class=\"has-text-align-center has-ti-bg-color has-cyan-bluish-gray-background-color has-text-color has-background\">Stanowisko Polskiego Towarzystwa Piel\u0119gniarstwa Infuzyjnego<br>z dnia 13 sierpnia 2023 w sprawie kompetencji opiekun\u00f3w medycznych do od\u0142\u0105czania wlew\u00f3w kroplowych<\/p>\n\n\n\n<div style=\"position:relative;padding-top:max(60%,326px);height:0;width:100%\"><iframe allow=\"clipboard-write\" sandbox=\"allow-top-navigation allow-top-navigation-by-user-activation allow-downloads allow-scripts allow-same-origin allow-popups allow-modals allow-popups-to-escape-sandbox allow-forms\" allowfullscreen=\"true\" style=\"position:absolute;border:none;width:100%;height:100%;left:0;right:0;top:0;bottom:0;\" src=\"https:\/\/e.issuu.com\/embed.html?backgroundColor=%23207878&#038;d=ptpi_opinia_13_08_2023_2&#038;u=ptpi_pl\"><\/iframe><\/div>\n\n\n\n<p class=\"has-text-align-center has-ti-bg-color has-cyan-bluish-gray-background-color has-text-color has-background\">Stanowisko Polskiego Towarzystwa Piel\u0119gniarstwa Infuzyjnego<br>z dnia 5 lipca 2023 w sprawie ograniczenia dost\u0119pu i zasadno\u015bci szkolenia os\u00f3b pe\u0142ni\u0105cych funkcje kierownicze w jednostkach szpitala<\/p>\n\n\n\n<div style=\"position:relative;padding-top:max(60%,326px);height:0;width:100%\"><iframe allow=\"clipboard-write\" sandbox=\"allow-top-navigation allow-top-navigation-by-user-activation allow-downloads allow-scripts allow-same-origin allow-popups allow-modals allow-popups-to-escape-sandbox allow-forms\" allowfullscreen=\"true\" style=\"position:absolute;border:none;width:100%;height:100%;left:0;right:0;top:0;bottom:0;\" src=\"https:\/\/e.issuu.com\/embed.html?d=ptpi_opinia_5_07_2023&#038;u=ptpi_pl\"><\/iframe><\/div>\n\n\n\n<p class=\"has-text-align-center has-ti-bg-color has-cyan-bluish-gray-background-color has-text-color has-background\">Stanowisko Polskiego Towarzystwa Piel\u0119gniarstwa Infuzyjnego<br>z dnia 22 czerwca 2023 w sprawie<br>wprowadzania cewnik\u00f3w po\u015brednich i opieki nad tego rodzaju dost\u0119pem przez ratownik\u00f3w medycznych<\/p>\n\n\n\n<div style=\"position:relative;padding-top:max(60%,326px);height:0;width:100%\"><iframe allow=\"clipboard-write\" sandbox=\"allow-top-navigation allow-top-navigation-by-user-activation allow-downloads allow-scripts allow-same-origin allow-popups allow-modals allow-popups-to-escape-sandbox allow-forms\" allowfullscreen=\"true\" style=\"position:absolute;border:none;width:100%;height:100%;left:0;right:0;top:0;bottom:0;\" src=\"https:\/\/e.issuu.com\/embed.html?backgroundColor=%23124272&#038;d=ptpi_opinia_22_06_2023&#038;u=ptpi_pl\"><\/iframe><\/div>\n\n\n\n<p class=\"has-text-align-center has-ti-bg-color has-cyan-bluish-gray-background-color has-text-color has-background\">Stanowisko Polskiego Towarzystwa Piel\u0119gniarstwa Infuzyjnego<br>z dnia 5 lipca 2023 w sprawie<br>uprawnie\u0144 ratownika medycznego do obs\u0142ugi implantowanych port\u00f3w naczyniowych<\/p>\n\n\n\n<div style=\"position:relative;padding-top:max(60%,326px);height:0;width:100%\"><iframe allow=\"clipboard-write\" sandbox=\"allow-top-navigation allow-top-navigation-by-user-activation allow-downloads allow-scripts allow-same-origin allow-popups allow-modals allow-popups-to-escape-sandbox allow-forms\" allowfullscreen=\"true\" style=\"position:absolute;border:none;width:100%;height:100%;left:0;right:0;top:0;bottom:0;\" src=\"https:\/\/e.issuu.com\/embed.html?backgroundColor=%23124272&#038;d=ptpi_opinia_5_07_2023_1&#038;u=ptpi_pl\"><\/iframe><\/div>\n\n\n\n<p class=\"has-text-align-center has-ti-bg-color has-cyan-bluish-gray-background-color has-text-color has-background\">Stanowisko Polskiego Towarzystwa Piel\u0119gniarstwa Infuzyjnego<br>z dnia 6 lipca 2023 w sprawie<br>uprawnie\u0144 ratownika medycznego do do przeprowadzania szkole\u0144 z zakresu implantacji cewnik\u00f3w do\u017cylnych po\u015bredniej d\u0142ugo\u015bci&nbsp;<\/p>\n\n\n\n<div style=\"position:relative;padding-top:max(60%,326px);height:0;width:100%\"><iframe allow=\"clipboard-write\" sandbox=\"allow-top-navigation allow-top-navigation-by-user-activation allow-downloads allow-scripts allow-same-origin allow-popups allow-modals allow-popups-to-escape-sandbox allow-forms\" allowfullscreen=\"true\" style=\"position:absolute;border:none;width:100%;height:100%;left:0;right:0;top:0;bottom:0;\" src=\"https:\/\/e.issuu.com\/embed.html?d=ptpi_opinia_6_07_2023&#038;u=ptpi_pl\"><\/iframe><\/div>\n","protected":false},"excerpt":{"rendered":"<p>Rekomendacje Bezpieczny Dost\u0119p Naczyniowy Por\u00f3wnanie koszt\u00f3w procedur wprowadzania cewnika po\u015bredniego i\u00a0kr\u00f3tkiej kaniuli do\u017cylnej Procedura wprowadzania cewnik\u00f3w po\u015brednich do \u017cy\u0142 obwodowych \u2013 rekomendacja Polskiego Towarzystwa Piel\u0119gniarstwa Infuzyjnego Wytyczne AVA 2026: co nowego w\u00a0dobrych praktykach opartych na dowodach? Standard klinicznego post\u0119powania w\u00a0zakresie antyseptyki sk\u00f3ry u\u00a0pacjent\u00f3w z\u00a0dost\u0119pem naczyniowym \u2013 stanowisko Polskiego Towarzystwa Piel\u0119gniarstwa Infuzyjnego Model edukacyjny we wprowadzaniu [&hellip;]<\/p>\n","protected":false},"author":1,"featured_media":0,"parent":0,"menu_order":0,"comment_status":"closed","ping_status":"closed","template":"","meta":{"_themeisle_gutenberg_block_has_review":false,"footnotes":""},"class_list":["post-496","page","type-page","status-publish","hentry"],"_links":{"self":[{"href":"https:\/\/www.ptpi.pl\/index.php\/wp-json\/wp\/v2\/pages\/496","targetHints":{"allow":["GET"]}}],"collection":[{"href":"https:\/\/www.ptpi.pl\/index.php\/wp-json\/wp\/v2\/pages"}],"about":[{"href":"https:\/\/www.ptpi.pl\/index.php\/wp-json\/wp\/v2\/types\/page"}],"author":[{"embeddable":true,"href":"https:\/\/www.ptpi.pl\/index.php\/wp-json\/wp\/v2\/users\/1"}],"replies":[{"embeddable":true,"href":"https:\/\/www.ptpi.pl\/index.php\/wp-json\/wp\/v2\/comments?post=496"}],"version-history":[{"count":26,"href":"https:\/\/www.ptpi.pl\/index.php\/wp-json\/wp\/v2\/pages\/496\/revisions"}],"predecessor-version":[{"id":1926,"href":"https:\/\/www.ptpi.pl\/index.php\/wp-json\/wp\/v2\/pages\/496\/revisions\/1926"}],"wp:attachment":[{"href":"https:\/\/www.ptpi.pl\/index.php\/wp-json\/wp\/v2\/media?parent=496"}],"curies":[{"name":"wp","href":"https:\/\/api.w.org\/{rel}","templated":true}]}}