{"id":41,"date":"2023-04-21T14:21:16","date_gmt":"2023-04-21T14:21:16","guid":{"rendered":"http:\/\/www.ptpi.pl\/?page_id=41"},"modified":"2025-08-28T08:06:49","modified_gmt":"2025-08-28T08:06:49","slug":"kontakt","status":"publish","type":"page","link":"https:\/\/www.ptpi.pl\/index.php\/kontakt\/","title":{"rendered":"Informacje"},"content":{"rendered":"\n<figure class=\"wp-block-image size-large\"><img loading=\"lazy\" decoding=\"async\" width=\"1024\" height=\"225\" src=\"https:\/\/www.ptpi.pl\/wp-content\/uploads\/2024\/10\/Logo-PTPI_Full-White-on-Orange-1024x225.png\" alt=\"\" class=\"wp-image-1176\" srcset=\"https:\/\/www.ptpi.pl\/wp-content\/uploads\/2024\/10\/Logo-PTPI_Full-White-on-Orange-1024x225.png 1024w, https:\/\/www.ptpi.pl\/wp-content\/uploads\/2024\/10\/Logo-PTPI_Full-White-on-Orange-300x66.png 300w, https:\/\/www.ptpi.pl\/wp-content\/uploads\/2024\/10\/Logo-PTPI_Full-White-on-Orange-768x169.png 768w, https:\/\/www.ptpi.pl\/wp-content\/uploads\/2024\/10\/Logo-PTPI_Full-White-on-Orange-1536x337.png 1536w, https:\/\/www.ptpi.pl\/wp-content\/uploads\/2024\/10\/Logo-PTPI_Full-White-on-Orange.png 2004w\" sizes=\"auto, (max-width: 1024px) 100vw, 1024px\" \/><\/figure>\n\n\n\n<div id=\"wp-block-themeisle-blocks-accordion-26b9c4b3\" class=\"wp-block-themeisle-blocks-accordion exclusive\">\n<details class=\"wp-block-themeisle-blocks-accordion-item\"><summary class=\"wp-block-themeisle-blocks-accordion-item__title\"><div>Adres korespondencyjny<\/div><\/summary><div class=\"wp-block-themeisle-blocks-accordion-item__content\">\n<p>Polskie Towarzystwo Piel\u0119gniarstwa Infuzyjnego<br><br>Warszawska Okr\u0119gowa Izba Piel\u0119gniarek i Po\u0142o\u017cnych<br>ul. \u017belazna 59 (VII pi\u0119tro)<br>00-848 Warszawa<\/p>\n<\/div><\/details>\n\n\n\n<details class=\"wp-block-themeisle-blocks-accordion-item\"><summary class=\"wp-block-themeisle-blocks-accordion-item__title\"><div>Adres e-mail<\/div><\/summary><div class=\"wp-block-themeisle-blocks-accordion-item__content\">\n<div id=\"wp-block-themeisle-blocks-advanced-columns-047524a6\" class=\"wp-block-themeisle-blocks-advanced-columns has-1-columns has-desktop-equal-layout has-tablet-equal-layout has-mobile-equal-layout has-vertical-unset\"><div class=\"wp-block-themeisle-blocks-advanced-columns-overlay\"><\/div><div class=\"innerblocks-wrap\">\n<div id=\"wp-block-themeisle-blocks-advanced-column-561872cc\" class=\"wp-block-themeisle-blocks-advanced-column\">\n<div class=\"wp-block-columns is-layout-flex wp-container-core-columns-is-layout-1 wp-block-columns-is-layout-flex\">\n<div class=\"wp-block-column is-layout-flow wp-block-column-is-layout-flow\" style=\"flex-basis:33.33%\">\n<figure class=\"wp-block-image size-full\"><img loading=\"lazy\" decoding=\"async\" width=\"600\" height=\"400\" src=\"https:\/\/www.ptpi.pl\/wp-content\/uploads\/2025\/08\/WhatsApp-Image-2025-08-28-at-07.09.29-edited.jpeg\" alt=\"\" class=\"wp-image-1789\" srcset=\"https:\/\/www.ptpi.pl\/wp-content\/uploads\/2025\/08\/WhatsApp-Image-2025-08-28-at-07.09.29-edited.jpeg 600w, https:\/\/www.ptpi.pl\/wp-content\/uploads\/2025\/08\/WhatsApp-Image-2025-08-28-at-07.09.29-edited-300x200.jpeg 300w\" sizes=\"auto, (max-width: 600px) 100vw, 600px\" \/><\/figure>\n<\/div>\n\n\n\n<div class=\"wp-block-column is-layout-flow wp-block-column-is-layout-flow\" style=\"flex-basis:66.66%\">\n<p><strong>Biuro<\/strong><br>Aleksandra Grzemska<br><span style=\"text-decoration: underline;\">biuro@ptpi.pl<\/span><br><\/p>\n<\/div>\n<\/div>\n\n\n\n<div class=\"wp-block-columns is-layout-flex wp-container-core-columns-is-layout-2 wp-block-columns-is-layout-flex\">\n<div class=\"wp-block-column is-layout-flow wp-block-column-is-layout-flow\" style=\"flex-basis:33.33%\">\n<figure class=\"wp-block-image size-large\"><img loading=\"lazy\" decoding=\"async\" width=\"1024\" height=\"683\" src=\"https:\/\/www.ptpi.pl\/wp-content\/uploads\/2024\/10\/INFUzja-2024-181-1024x683.jpg\" alt=\"\" class=\"wp-image-1282\" srcset=\"https:\/\/www.ptpi.pl\/wp-content\/uploads\/2024\/10\/INFUzja-2024-181-1024x683.jpg 1024w, https:\/\/www.ptpi.pl\/wp-content\/uploads\/2024\/10\/INFUzja-2024-181-300x200.jpg 300w, https:\/\/www.ptpi.pl\/wp-content\/uploads\/2024\/10\/INFUzja-2024-181-768x512.jpg 768w, https:\/\/www.ptpi.pl\/wp-content\/uploads\/2024\/10\/INFUzja-2024-181-1536x1024.jpg 1536w, https:\/\/www.ptpi.pl\/wp-content\/uploads\/2024\/10\/INFUzja-2024-181-2048x1365.jpg 2048w\" sizes=\"auto, (max-width: 1024px) 100vw, 1024px\" \/><\/figure>\n<\/div>\n\n\n\n<div class=\"wp-block-column is-layout-flow wp-block-column-is-layout-flow\" style=\"flex-basis:66.66%\">\n<p><strong>Prezes Zarz\u0105du<\/strong><br>Maciej Latos<br><a href=\"mailto:maciej.latos@ptpi.pl\">maciej.latos@ptpi.pl<\/a><\/p>\n<\/div>\n<\/div>\n\n\n\n<div class=\"wp-block-columns is-layout-flex wp-container-core-columns-is-layout-3 wp-block-columns-is-layout-flex\">\n<div class=\"wp-block-column is-layout-flow wp-block-column-is-layout-flow\" style=\"flex-basis:33.33%\">\n<figure class=\"wp-block-image size-large\"><img loading=\"lazy\" decoding=\"async\" width=\"1024\" height=\"683\" src=\"https:\/\/www.ptpi.pl\/wp-content\/uploads\/2024\/10\/INFUzja-2024-217-1024x683.jpg\" alt=\"\" class=\"wp-image-1286\" srcset=\"https:\/\/www.ptpi.pl\/wp-content\/uploads\/2024\/10\/INFUzja-2024-217-1024x683.jpg 1024w, https:\/\/www.ptpi.pl\/wp-content\/uploads\/2024\/10\/INFUzja-2024-217-300x200.jpg 300w, https:\/\/www.ptpi.pl\/wp-content\/uploads\/2024\/10\/INFUzja-2024-217-768x512.jpg 768w, https:\/\/www.ptpi.pl\/wp-content\/uploads\/2024\/10\/INFUzja-2024-217-1536x1024.jpg 1536w, https:\/\/www.ptpi.pl\/wp-content\/uploads\/2024\/10\/INFUzja-2024-217-2048x1365.jpg 2048w\" sizes=\"auto, (max-width: 1024px) 100vw, 1024px\" \/><\/figure>\n<\/div>\n\n\n\n<div class=\"wp-block-column is-layout-flow wp-block-column-is-layout-flow\" style=\"flex-basis:66.66%\">\n<p><strong>Ksi\u0119gowo\u015b\u0107<\/strong> (faktury, rozliczenia)<br>Artur Szymczak<br><span style=\"text-decoration: underline;\">ksiegowosc@ptpi.pl<\/span><br><strong>Edukacja<\/strong> (kursy stacjonarne, kursy wyjazdowe)<br><span style=\"text-decoration: underline;\">edukacja@ptpi.pl<\/span><\/p>\n<\/div>\n<\/div>\n\n\n\n<div class=\"wp-block-columns is-layout-flex wp-container-core-columns-is-layout-4 wp-block-columns-is-layout-flex\">\n<div class=\"wp-block-column is-layout-flow wp-block-column-is-layout-flow\" style=\"flex-basis:33.33%\">\n<figure class=\"wp-block-image size-large\"><img loading=\"lazy\" decoding=\"async\" width=\"1024\" height=\"683\" src=\"https:\/\/www.ptpi.pl\/wp-content\/uploads\/2024\/10\/INFUzja-2024-228-1024x683.jpg\" alt=\"\" class=\"wp-image-1288\" srcset=\"https:\/\/www.ptpi.pl\/wp-content\/uploads\/2024\/10\/INFUzja-2024-228-1024x683.jpg 1024w, https:\/\/www.ptpi.pl\/wp-content\/uploads\/2024\/10\/INFUzja-2024-228-300x200.jpg 300w, https:\/\/www.ptpi.pl\/wp-content\/uploads\/2024\/10\/INFUzja-2024-228-768x512.jpg 768w, https:\/\/www.ptpi.pl\/wp-content\/uploads\/2024\/10\/INFUzja-2024-228-1536x1024.jpg 1536w, https:\/\/www.ptpi.pl\/wp-content\/uploads\/2024\/10\/INFUzja-2024-228-2048x1365.jpg 2048w\" sizes=\"auto, (max-width: 1024px) 100vw, 1024px\" \/><\/figure>\n<\/div>\n\n\n\n<div class=\"wp-block-column is-layout-flow wp-block-column-is-layout-flow\" style=\"flex-basis:66.66%\">\n<p><strong>InfuSzko\u0142a<\/strong><br><a href=\"mailto:agalamcha@ptpi.pl\">agalamcha@ptpi.pl<\/a><\/p>\n<\/div>\n<\/div>\n\n\n\n<div class=\"wp-block-columns is-layout-flex wp-container-core-columns-is-layout-5 wp-block-columns-is-layout-flex\">\n<div class=\"wp-block-column is-layout-flow wp-block-column-is-layout-flow\" style=\"flex-basis:33.33%\">\n<figure class=\"wp-block-image size-large\"><img loading=\"lazy\" decoding=\"async\" width=\"1024\" height=\"683\" src=\"https:\/\/www.ptpi.pl\/wp-content\/uploads\/2024\/10\/INFUzja-2024-215-1024x683.jpg\" alt=\"\" class=\"wp-image-1285\" srcset=\"https:\/\/www.ptpi.pl\/wp-content\/uploads\/2024\/10\/INFUzja-2024-215-1024x683.jpg 1024w, https:\/\/www.ptpi.pl\/wp-content\/uploads\/2024\/10\/INFUzja-2024-215-300x200.jpg 300w, https:\/\/www.ptpi.pl\/wp-content\/uploads\/2024\/10\/INFUzja-2024-215-768x512.jpg 768w, https:\/\/www.ptpi.pl\/wp-content\/uploads\/2024\/10\/INFUzja-2024-215-1536x1024.jpg 1536w, https:\/\/www.ptpi.pl\/wp-content\/uploads\/2024\/10\/INFUzja-2024-215-2048x1365.jpg 2048w\" sizes=\"auto, (max-width: 1024px) 100vw, 1024px\" \/><\/figure>\n<\/div>\n\n\n\n<div class=\"wp-block-column is-layout-flow wp-block-column-is-layout-flow\" style=\"flex-basis:66.66%\">\n<p><strong>European Journal of Infusion Nursing<\/strong><br>Natalia Sak-Dankosky &#8211; Redaktor Naczelna<br><a href=\"natalia.sak-dankosky@wum.edu.pl\" data-type=\"mailto\" data-id=\"mailto:ejin@ptpi.pl\">natalia.sak-dankosky@wum.edu.pl<\/a><\/p>\n<\/div>\n<\/div>\n\n\n\n<div class=\"wp-block-columns is-layout-flex wp-container-core-columns-is-layout-6 wp-block-columns-is-layout-flex\">\n<div class=\"wp-block-column is-layout-flow wp-block-column-is-layout-flow\" style=\"flex-basis:33.33%\">\n<figure class=\"wp-block-image size-large\"><img loading=\"lazy\" decoding=\"async\" width=\"1024\" height=\"683\" src=\"https:\/\/www.ptpi.pl\/wp-content\/uploads\/2024\/10\/INFUzja-2024-225-1024x683.jpg\" alt=\"\" class=\"wp-image-1287\" srcset=\"https:\/\/www.ptpi.pl\/wp-content\/uploads\/2024\/10\/INFUzja-2024-225-1024x683.jpg 1024w, https:\/\/www.ptpi.pl\/wp-content\/uploads\/2024\/10\/INFUzja-2024-225-300x200.jpg 300w, https:\/\/www.ptpi.pl\/wp-content\/uploads\/2024\/10\/INFUzja-2024-225-768x512.jpg 768w, https:\/\/www.ptpi.pl\/wp-content\/uploads\/2024\/10\/INFUzja-2024-225-1536x1024.jpg 1536w, https:\/\/www.ptpi.pl\/wp-content\/uploads\/2024\/10\/INFUzja-2024-225-2048x1365.jpg 2048w\" sizes=\"auto, (max-width: 1024px) 100vw, 1024px\" \/><\/figure>\n<\/div>\n\n\n\n<div class=\"wp-block-column is-layout-flow wp-block-column-is-layout-flow\" style=\"flex-basis:66.66%\">\n<p><strong>Infuzyjne. Czasopismo Cz\u0142onkowskie PTPI<\/strong><br>Gabriela \u015awi\u0119tochowska<br><a href=\"mailto:biuro@ptpi.pl\">redakcja@ptpi.pl<\/a><\/p>\n<\/div>\n<\/div>\n<\/div>\n<\/div><\/div>\n<\/div><\/details>\n\n\n\n<details class=\"wp-block-themeisle-blocks-accordion-item\"><summary class=\"wp-block-themeisle-blocks-accordion-item__title\"><div>Numer konta bankowego<\/div><\/summary><div class=\"wp-block-themeisle-blocks-accordion-item__content\">\n<p>mBank: 07 1140 2004 0000 3102 8359 6566<\/p>\n<\/div><\/details>\n\n\n\n<details class=\"wp-block-themeisle-blocks-accordion-item\"><summary class=\"wp-block-themeisle-blocks-accordion-item__title\"><div>Polityka prywatno\u015bci<\/div><\/summary><div class=\"wp-block-themeisle-blocks-accordion-item__content\">\n<p>Polityka prywatno\u015bci znajduje si\u0119 <a href=\"https:\/\/www.ptpi.pl\/index.php\/polityka-prywatnosci-strony-ptpi\/\" target=\"_blank\" rel=\"noreferrer noopener\">tutaj<\/a>.<\/p>\n<\/div><\/details>\n<\/div>\n\n\n\n<p><\/p>\n","protected":false},"excerpt":{"rendered":"","protected":false},"author":1,"featured_media":0,"parent":0,"menu_order":0,"comment_status":"closed","ping_status":"closed","template":"","meta":{"_themeisle_gutenberg_block_has_review":false,"footnotes":""},"class_list":["post-41","page","type-page","status-publish","hentry"],"_links":{"self":[{"href":"https:\/\/www.ptpi.pl\/index.php\/wp-json\/wp\/v2\/pages\/41","targetHints":{"allow":["GET"]}}],"collection":[{"href":"https:\/\/www.ptpi.pl\/index.php\/wp-json\/wp\/v2\/pages"}],"about":[{"href":"https:\/\/www.ptpi.pl\/index.php\/wp-json\/wp\/v2\/types\/page"}],"author":[{"embeddable":true,"href":"https:\/\/www.ptpi.pl\/index.php\/wp-json\/wp\/v2\/users\/1"}],"replies":[{"embeddable":true,"href":"https:\/\/www.ptpi.pl\/index.php\/wp-json\/wp\/v2\/comments?post=41"}],"version-history":[{"count":22,"href":"https:\/\/www.ptpi.pl\/index.php\/wp-json\/wp\/v2\/pages\/41\/revisions"}],"predecessor-version":[{"id":1918,"href":"https:\/\/www.ptpi.pl\/index.php\/wp-json\/wp\/v2\/pages\/41\/revisions\/1918"}],"wp:attachment":[{"href":"https:\/\/www.ptpi.pl\/index.php\/wp-json\/wp\/v2\/media?parent=41"}],"curies":[{"name":"wp","href":"https:\/\/api.w.org\/{rel}","templated":true}]}}