{"id":248,"date":"2023-04-28T06:42:52","date_gmt":"2023-04-28T06:42:52","guid":{"rendered":"https:\/\/www.ptpi.pl\/?page_id=248"},"modified":"2025-08-25T18:40:02","modified_gmt":"2025-08-25T18:40:02","slug":"kursy-csmi-wum","status":"publish","type":"page","link":"https:\/\/www.ptpi.pl\/index.php\/kursy-csmi-wum\/","title":{"rendered":"Kursy CSMI WUM"},"content":{"rendered":"\n<div class=\"wp-block-group alignfull has-ti-fg-alt-color has-custom-2-b-4066-background-color has-text-color has-background is-layout-constrained wp-container-core-group-is-layout-3 wp-block-group-is-layout-constrained\" style=\"margin-top:0px;margin-bottom:0px;padding-top:64px;padding-bottom:64px\">\n<div class=\"wp-block-group alignwide is-layout-flow wp-container-core-group-is-layout-2 wp-block-group-is-layout-flow\">\n<div class=\"wp-block-group is-layout-flow wp-container-core-group-is-layout-1 wp-block-group-is-layout-flow\">\n<h1 class=\"wp-block-heading has-text-align-center has-large-font-size\">Centrum Symulacji i Innowacji<\/h1>\n\n\n\n<p class=\"has-text-align-center has-large-font-size\">Warszawskiego Uniwersytetu Medycznego<\/p>\n<\/div>\n\n\n\n<div class=\"wp-block-buttons is-content-justification-center is-layout-flex wp-container-core-buttons-is-layout-1 wp-block-buttons-is-layout-flex\">\n<div class=\"wp-block-button is-style-outline is-style-outline--1\"><a class=\"wp-block-button__link wp-element-button\">Szkolenia z zakresu kaniulacji, infuzji i wykorzystanie ultrasonografii w uzyskiwaniu dost\u0119p\u00f3w naczyniowych<\/a><\/div>\n<\/div>\n<\/div>\n<\/div>\n\n\n\n<div class=\"wp-block-columns is-layout-flex wp-container-core-columns-is-layout-1 wp-block-columns-is-layout-flex\">\n<div class=\"wp-block-column is-layout-flow wp-block-column-is-layout-flow\" style=\"flex-basis:33.33%\">\n<figure class=\"wp-block-image alignright size-medium\"><img loading=\"lazy\" decoding=\"async\" width=\"202\" height=\"300\" src=\"https:\/\/www.ptpi.pl\/wp-content\/uploads\/2023\/04\/logo-pionowe-RGB-202x300.png\" alt=\"\" class=\"wp-image-243\" srcset=\"https:\/\/www.ptpi.pl\/wp-content\/uploads\/2023\/04\/logo-pionowe-RGB-202x300.png 202w, https:\/\/www.ptpi.pl\/wp-content\/uploads\/2023\/04\/logo-pionowe-RGB.png 652w\" sizes=\"auto, (max-width: 202px) 100vw, 202px\" \/><\/figure>\n<\/div>\n\n\n\n<div class=\"wp-block-column is-layout-flow wp-block-column-is-layout-flow\" style=\"flex-basis:66.66%\">\n<p>CSMI WUM to unikatowa inwestycja Warszawskiego Uniwersytetu Medycznego w rozw\u00f3j kadr i nowe technologie. Wraz z naukowcami i lekarzami Uczelni realizuje innowacje i projekty edukacyjne w medycynie.<\/p>\n\n\n\n<p>Kszta\u0142cenie podyplomowe obj\u0119te patronatem PTPI prowadzone jest przez piel\u0119gniarzy i lekarzy.<\/p>\n\n\n\n<p>Zapraszamy do zapoznania si\u0119 ofert\u0105 szkole\u0144 i kontakt z Organizatorem.<\/p>\n<\/div>\n<\/div>\n\n\n<div class=\" is-style-boxed wp-block-themeisle-blocks-posts-grid\" id=\"wp-block-themeisle-blocks-posts-grid-b2c8d414\"><div class=\"o-featured-container\"><div class=\"o-featured-post\"><div class=\"o-posts-grid-post-body is-full\"><span class=\"o-posts-grid-post-category\"><a href=\"https:\/\/www.ptpi.pl\/index.php\/category\/csmi\/\">CSMI<\/a><\/span><h4 class=\"o-posts-grid-post-title\"><a href=\"https:\/\/www.ptpi.pl\/index.php\/2024\/03\/14\/kurs-fundamenty-wprowadzania-cewnikow-posrednich-pod-kontrola-usg-csmi-ptpi\/\">Kurs: Fundamenty wprowadzania cewnik\u00f3w po\u015brednich pod kontrol\u0105 USG<\/a><\/h4><div class=\"o-posts-grid-post-description\"><a class=\"o-posts-read-more\" href=\"https:\/\/www.ptpi.pl\/index.php\/2024\/03\/14\/kurs-fundamenty-wprowadzania-cewnikow-posrednich-pod-kontrola-usg-csmi-ptpi\/\">Read More<\/a><\/div><\/div><\/div><\/div><div class=\"is-list\"><\/div> <\/div>\n\n\n<div id=\"wp-block-themeisle-blocks-slider-9bf6ad4c\" class=\"wp-block-themeisle-blocks-slider glide\" data-per-view=\"3\" data-gap=\"0\" data-peek=\"0\" data-autoplay=\"true\" data-height=\"400px\" data-hide-arrows=\"false\"><div class=\"glide__track\" data-glide-el=\"track\"><div class=\"glide__slides\"><div class=\"wp-block-themeisle-blocks-slider-item-wrapper glide__slide\" tabindex=\"0\"><figure><img decoding=\"async\" class=\"wp-block-themeisle-blocks-slider-item\" src=\"https:\/\/www.ptpi.pl\/wp-content\/uploads\/2025\/08\/9A2E4506-8EB7-46F3-873C-9AD60948BD67_1_105_c.jpeg\" alt=\"\" title=\"\" data-id=\"1712\"\/><\/figure><\/div><div class=\"wp-block-themeisle-blocks-slider-item-wrapper glide__slide\" tabindex=\"0\"><figure><img decoding=\"async\" class=\"wp-block-themeisle-blocks-slider-item\" src=\"https:\/\/www.ptpi.pl\/wp-content\/uploads\/2025\/08\/E25C0CB9-C7C5-40F4-8746-3D96BEB8CBC0_1_105_c.jpeg\" alt=\"\" title=\"\" data-id=\"1713\"\/><\/figure><\/div><div class=\"wp-block-themeisle-blocks-slider-item-wrapper glide__slide\" tabindex=\"0\"><figure><img decoding=\"async\" class=\"wp-block-themeisle-blocks-slider-item\" src=\"https:\/\/www.ptpi.pl\/wp-content\/uploads\/2025\/08\/52BC0893-9474-492E-A34C-6049290459E6_1_105_c.jpeg\" alt=\"\" title=\"\" data-id=\"1714\"\/><\/figure><\/div><div class=\"wp-block-themeisle-blocks-slider-item-wrapper glide__slide\" tabindex=\"0\"><figure><img decoding=\"async\" class=\"wp-block-themeisle-blocks-slider-item\" src=\"https:\/\/www.ptpi.pl\/wp-content\/uploads\/2025\/08\/B00FD817-9602-4D80-9017-59CCF82F0F68_1_105_c.jpeg\" alt=\"\" title=\"\" data-id=\"1715\"\/><\/figure><\/div><div class=\"wp-block-themeisle-blocks-slider-item-wrapper glide__slide\" tabindex=\"0\"><figure><img decoding=\"async\" class=\"wp-block-themeisle-blocks-slider-item\" src=\"https:\/\/www.ptpi.pl\/wp-content\/uploads\/2025\/08\/D1077763-860F-4F8B-AA5B-3BA97ECBBB28_1_105_c.jpeg\" alt=\"\" title=\"\" data-id=\"1716\"\/><\/figure><\/div><div class=\"wp-block-themeisle-blocks-slider-item-wrapper glide__slide\" tabindex=\"0\"><figure><img decoding=\"async\" class=\"wp-block-themeisle-blocks-slider-item\" src=\"https:\/\/www.ptpi.pl\/wp-content\/uploads\/2025\/08\/669AC983-83E4-4B50-9DBF-F6E5FBB5476E_1_105_c.jpeg\" alt=\"\" title=\"\" data-id=\"1717\"\/><\/figure><\/div><div class=\"wp-block-themeisle-blocks-slider-item-wrapper glide__slide\" tabindex=\"0\"><figure><img decoding=\"async\" class=\"wp-block-themeisle-blocks-slider-item\" src=\"https:\/\/www.ptpi.pl\/wp-content\/uploads\/2025\/08\/3BE41D45-9D27-44B1-ACA2-D165E191AD6A_1_105_c.jpeg\" alt=\"\" title=\"\" data-id=\"1718\"\/><\/figure><\/div><div class=\"wp-block-themeisle-blocks-slider-item-wrapper glide__slide\" tabindex=\"0\"><figure><img decoding=\"async\" class=\"wp-block-themeisle-blocks-slider-item\" src=\"https:\/\/www.ptpi.pl\/wp-content\/uploads\/2025\/08\/FD7F303E-4B89-4AE1-8091-A137E037BC0F_1_105_c.jpeg\" alt=\"\" title=\"\" data-id=\"1719\"\/><\/figure><\/div><div class=\"wp-block-themeisle-blocks-slider-item-wrapper glide__slide\" tabindex=\"0\"><figure><img decoding=\"async\" class=\"wp-block-themeisle-blocks-slider-item\" src=\"https:\/\/www.ptpi.pl\/wp-content\/uploads\/2025\/08\/2BC32A7E-1834-41C2-9805-143AE9F39C48_1_105_c.jpeg\" alt=\"\" title=\"\" data-id=\"1720\"\/><\/figure><\/div><div class=\"wp-block-themeisle-blocks-slider-item-wrapper glide__slide\" tabindex=\"0\"><figure><img decoding=\"async\" class=\"wp-block-themeisle-blocks-slider-item\" src=\"https:\/\/www.ptpi.pl\/wp-content\/uploads\/2025\/08\/68ED8550-14F8-4E64-83A4-BFFAFBC49F78_1_105_c.jpeg\" alt=\"\" title=\"\" data-id=\"1721\"\/><\/figure><\/div><div class=\"wp-block-themeisle-blocks-slider-item-wrapper glide__slide\" tabindex=\"0\"><figure><img decoding=\"async\" class=\"wp-block-themeisle-blocks-slider-item\" src=\"https:\/\/www.ptpi.pl\/wp-content\/uploads\/2025\/08\/10A17076-BCD7-4B9C-8488-23EC46ECFB82_1_105_c.jpeg\" alt=\"\" title=\"\" data-id=\"1722\"\/><\/figure><\/div><\/div><div class=\"glide__bullets\" data-glide-el=\"controls[nav]\"><button class=\"glide__bullet\" data-glide-dir=\"=0\"><\/button><button class=\"glide__bullet\" data-glide-dir=\"=1\"><\/button><button class=\"glide__bullet\" data-glide-dir=\"=2\"><\/button><button class=\"glide__bullet\" data-glide-dir=\"=3\"><\/button><button class=\"glide__bullet\" data-glide-dir=\"=4\"><\/button><button class=\"glide__bullet\" data-glide-dir=\"=5\"><\/button><button class=\"glide__bullet\" data-glide-dir=\"=6\"><\/button><button class=\"glide__bullet\" data-glide-dir=\"=7\"><\/button><button class=\"glide__bullet\" data-glide-dir=\"=8\"><\/button><button class=\"glide__bullet\" data-glide-dir=\"=9\"><\/button><button class=\"glide__bullet\" data-glide-dir=\"=10\"><\/button><\/div><\/div><\/div>\n\n\n\n<figure class=\"wp-block-image size-full has-custom-border\"><img loading=\"lazy\" decoding=\"async\" width=\"960\" height=\"250\" src=\"https:\/\/www.ptpi.pl\/wp-content\/uploads\/2024\/04\/Midline-academy-2000-x-2000-px-960-x-250-px-3.png\" alt=\"\" class=\"wp-image-1051\" style=\"border-width:1px\" srcset=\"https:\/\/www.ptpi.pl\/wp-content\/uploads\/2024\/04\/Midline-academy-2000-x-2000-px-960-x-250-px-3.png 960w, https:\/\/www.ptpi.pl\/wp-content\/uploads\/2024\/04\/Midline-academy-2000-x-2000-px-960-x-250-px-3-300x78.png 300w, https:\/\/www.ptpi.pl\/wp-content\/uploads\/2024\/04\/Midline-academy-2000-x-2000-px-960-x-250-px-3-768x200.png 768w\" sizes=\"auto, (max-width: 960px) 100vw, 960px\" \/><\/figure>\n\n\n\n<div class=\"wp-block-columns is-layout-flex wp-container-core-columns-is-layout-2 wp-block-columns-is-layout-flex\">\n<div class=\"wp-block-column is-layout-flow wp-block-column-is-layout-flow\"><\/div>\n<\/div>\n","protected":false},"excerpt":{"rendered":"<p>Centrum Symulacji i Innowacji Warszawskiego Uniwersytetu Medycznego CSMI WUM to unikatowa inwestycja Warszawskiego Uniwersytetu Medycznego w rozw\u00f3j kadr i nowe technologie. Wraz z naukowcami i lekarzami Uczelni realizuje innowacje i projekty edukacyjne w medycynie. Kszta\u0142cenie podyplomowe obj\u0119te patronatem PTPI prowadzone jest przez piel\u0119gniarzy i lekarzy. Zapraszamy do zapoznania si\u0119 ofert\u0105 szkole\u0144 i kontakt z Organizatorem.<\/p>\n","protected":false},"author":1,"featured_media":0,"parent":0,"menu_order":0,"comment_status":"closed","ping_status":"closed","template":"","meta":{"_themeisle_gutenberg_block_has_review":false,"footnotes":""},"class_list":["post-248","page","type-page","status-publish","hentry"],"_links":{"self":[{"href":"https:\/\/www.ptpi.pl\/index.php\/wp-json\/wp\/v2\/pages\/248","targetHints":{"allow":["GET"]}}],"collection":[{"href":"https:\/\/www.ptpi.pl\/index.php\/wp-json\/wp\/v2\/pages"}],"about":[{"href":"https:\/\/www.ptpi.pl\/index.php\/wp-json\/wp\/v2\/types\/page"}],"author":[{"embeddable":true,"href":"https:\/\/www.ptpi.pl\/index.php\/wp-json\/wp\/v2\/users\/1"}],"replies":[{"embeddable":true,"href":"https:\/\/www.ptpi.pl\/index.php\/wp-json\/wp\/v2\/comments?post=248"}],"version-history":[{"count":13,"href":"https:\/\/www.ptpi.pl\/index.php\/wp-json\/wp\/v2\/pages\/248\/revisions"}],"predecessor-version":[{"id":1723,"href":"https:\/\/www.ptpi.pl\/index.php\/wp-json\/wp\/v2\/pages\/248\/revisions\/1723"}],"wp:attachment":[{"href":"https:\/\/www.ptpi.pl\/index.php\/wp-json\/wp\/v2\/media?parent=248"}],"curies":[{"name":"wp","href":"https:\/\/api.w.org\/{rel}","templated":true}]}}