{"id":1886,"date":"2026-02-26T09:28:53","date_gmt":"2026-02-26T09:28:53","guid":{"rendered":"https:\/\/www.ptpi.pl\/?page_id=1886"},"modified":"2026-02-26T09:28:53","modified_gmt":"2026-02-26T09:28:53","slug":"wytyczne-abstraktow-i-plakatow-infukongres-2026","status":"publish","type":"page","link":"https:\/\/www.ptpi.pl\/index.php\/wytyczne-abstraktow-i-plakatow-infukongres-2026\/","title":{"rendered":"Wytyczne abstrakt\u00f3w i plakat\u00f3w: InfuKongres 2026"},"content":{"rendered":"\n<figure class=\"wp-block-image aligncenter size-large is-resized\"><img loading=\"lazy\" decoding=\"async\" width=\"1024\" height=\"450\" src=\"https:\/\/www.ptpi.pl\/wp-content\/uploads\/2024\/11\/infu_cover-1024x450.png\" alt=\"\" class=\"wp-image-1454\" style=\"width:434px;height:auto\" srcset=\"https:\/\/www.ptpi.pl\/wp-content\/uploads\/2024\/11\/infu_cover-1024x450.png 1024w, https:\/\/www.ptpi.pl\/wp-content\/uploads\/2024\/11\/infu_cover-300x132.png 300w, https:\/\/www.ptpi.pl\/wp-content\/uploads\/2024\/11\/infu_cover-768x337.png 768w, https:\/\/www.ptpi.pl\/wp-content\/uploads\/2024\/11\/infu_cover-1536x674.png 1536w, https:\/\/www.ptpi.pl\/wp-content\/uploads\/2024\/11\/infu_cover.png 1640w\" sizes=\"auto, (max-width: 1024px) 100vw, 1024px\" \/><\/figure>\n\n\n\n<p class=\"has-text-align-left\">Zapraszamy do zg\u0142aszania abstrakt\u00f3w i plakat\u00f3w na <strong>II Kongres Polskiego Towarzystwa Piel\u0119gniarstwa Infuzyjnego.<\/strong><\/p>\n\n\n\n<p class=\"has-text-align-center\"><strong>ABSTRAKT<\/strong><\/p>\n\n\n\n<p>Prosimy o przesy\u0142anie abstrakt\u00f3w w terminie do <strong>30 marca 2026 r.<\/strong> Streszczenia zostan\u0105 opublikowane w czasopi\u015bmie naukowym <a href=\"https:\/\/evereth.pl\/european-journal-of-infusion-nursing\/\">European Journal of Infusion Nursing<\/a> po zakwalifikowaniu przez Komitet Naukowy Konferencji. Autorzy wybranych abstrakt\u00f3w b\u0119d\u0105 r\u00f3wnie\u017c zaproszeni do prezentowania ich w sesji wyst\u0105pie\u0144.<\/p>\n\n\n\n<p><strong>Instrukcje przygotowania abstraktu:<\/strong><\/p>\n\n\n\n<ul class=\"wp-block-list\">\n<li>Streszczenie powinno zosta\u0107 przes\u0142ane w formie elektronicznej w formacie .doc\/.docx\/.pdf\/.txt za pomoc\u0105 poni\u017cszego formularz<\/li>\n\n\n\n<li>Streszczenie pracy badawczej powinno zawiera\u0107 nast\u0119puj\u0105ce elementy: tytu\u0142, wst\u0119p, cel pracy, materia\u0142 i metody, wyniki, wnioski i s\u0142owa kluczow<\/li>\n\n\n\n<li>Streszczenie prac pogl\u0105dowych, poza tytu\u0142em i zwi\u0119z\u0142ym wprowadzeniem w zagadnienie, powinno zawiera\u0107 cel pracy oraz s\u0142owa kluczowe<\/li>\n\n\n\n<li>Streszczenie nie powinno przekroczy\u0107 500 s\u0142\u00f3w<\/li>\n<\/ul>\n\n\n\n<p><strong>Akceptacja abstrakt\u00f3w. <\/strong>Wszystkie propozycje wyst\u0105pie\u0144 zostan\u0105 poddane recenzji przez cz\u0142onk\u00f3w Komitetu Naukowego. O zaakceptowaniu abstraktu Zg\u0142aszaj\u0105cy zostan\u0105 poinformowani drog\u0105 mailow\u0105.<\/p>\n\n\n\n<p>Zg\u0142oszenie pracy naukowej &#8211; Istnieje r\u00f3wnie\u017c mo\u017cliwo\u015b\u0107 publikacji w p\u00f3\u0142roczniku <a href=\"https:\/\/evereth.pl\/european-journal-of-infusion-nursing\/\">European Journal of Infusion Nursing<\/a> pe\u0142nych prac \u2013 wyst\u0105pie\u0144 konferencyjnych, kt\u00f3re otrzymaj\u0105 pozytywne recenzje.<\/p>\n\n\n\n<p class=\"has-text-align-center\"><strong>PLAKAT<\/strong><\/p>\n\n\n\n<p>Prosimy o przesy\u0142anie plakat\u00f3w w terminie do <strong>30 marca 2026 r.<\/strong> Zg\u0142oszone plakaty zostan\u0105 ocenione przez Komitet Naukowy. Autorzy wybranych prac zostan\u0105 zaproszeni do zaprezentowania swoich plakat\u00f3w podczas sesji plakatowej na konferencji w formie 10-minutowej prezentacji.<\/p>\n\n\n\n<p>Autor\/Autorzy mog\u0105 nades\u0142a\u0107 wi\u0119cej ni\u017c jeden plakat.<\/p>\n\n\n\n<p><strong>Instrukcje przygotowania plakatu:<\/strong><\/p>\n\n\n\n<ul class=\"wp-block-list\">\n<li>Preferowany format plakatu to format panoramiczny w stosunku 16:9 (orientacja pozioma)<\/li>\n\n\n\n<li>Plakat nale\u017cy za\u0142\u0105czy\u0107 w formie pliku .jpg, .png, lub .pdf. Tytu\u0142 pliku powinien zawiera\u0107 nazwisko pierwszego Autora oraz tytu\u0142 plakatu<\/li>\n\n\n\n<li>Obj\u0119to\u015b\u0107 pliku to maksymalnie 16 MB<\/li>\n\n\n\n<li>Tre\u015b\u0107 plakatu powinna by\u0107 zgodna z tematem konferencji<\/li>\n<\/ul>\n\n\n\n<p><strong>Akceptacja plakat\u00f3w.<\/strong> Wszystkie zg\u0142oszone plakaty zostan\u0105 poddane weryfikacji przez cz\u0142onk\u00f3w Komitetu Naukowego. O zaakceptowaniu plakatu Zg\u0142aszaj\u0105cy zostan\u0105 poinformowani drog\u0105 mailow\u0105.<\/p>\n\n\n\n<p><strong><span style=\"text-decoration: underline;\">Warunkiem prezentacji abstraktu lub plakatu jest rejestracja na konferencj\u0119 i uiszczenie op\u0142aty rejestracyjnej.<\/span><\/strong><\/p>\n\n\n\n<p>Abstrakty i plakaty prosimy wysy\u0142a\u0107 na adres: redakcja@ejin.pl<\/p>\n\n\n\n<p><\/p>\n","protected":false},"excerpt":{"rendered":"<p>Zapraszamy do zg\u0142aszania abstrakt\u00f3w i plakat\u00f3w na II Kongres Polskiego Towarzystwa Piel\u0119gniarstwa Infuzyjnego. ABSTRAKT Prosimy o przesy\u0142anie abstrakt\u00f3w w terminie do 30 marca 2026 r. Streszczenia zostan\u0105 opublikowane w czasopi\u015bmie naukowym European Journal of Infusion Nursing po zakwalifikowaniu przez Komitet Naukowy Konferencji. Autorzy wybranych abstrakt\u00f3w b\u0119d\u0105 r\u00f3wnie\u017c zaproszeni do prezentowania ich w sesji wyst\u0105pie\u0144. Instrukcje [&hellip;]<\/p>\n","protected":false},"author":1,"featured_media":0,"parent":0,"menu_order":0,"comment_status":"closed","ping_status":"closed","template":"","meta":{"_themeisle_gutenberg_block_has_review":false,"footnotes":""},"class_list":["post-1886","page","type-page","status-publish","hentry"],"_links":{"self":[{"href":"https:\/\/www.ptpi.pl\/index.php\/wp-json\/wp\/v2\/pages\/1886","targetHints":{"allow":["GET"]}}],"collection":[{"href":"https:\/\/www.ptpi.pl\/index.php\/wp-json\/wp\/v2\/pages"}],"about":[{"href":"https:\/\/www.ptpi.pl\/index.php\/wp-json\/wp\/v2\/types\/page"}],"author":[{"embeddable":true,"href":"https:\/\/www.ptpi.pl\/index.php\/wp-json\/wp\/v2\/users\/1"}],"replies":[{"embeddable":true,"href":"https:\/\/www.ptpi.pl\/index.php\/wp-json\/wp\/v2\/comments?post=1886"}],"version-history":[{"count":1,"href":"https:\/\/www.ptpi.pl\/index.php\/wp-json\/wp\/v2\/pages\/1886\/revisions"}],"predecessor-version":[{"id":1887,"href":"https:\/\/www.ptpi.pl\/index.php\/wp-json\/wp\/v2\/pages\/1886\/revisions\/1887"}],"wp:attachment":[{"href":"https:\/\/www.ptpi.pl\/index.php\/wp-json\/wp\/v2\/media?parent=1886"}],"curies":[{"name":"wp","href":"https:\/\/api.w.org\/{rel}","templated":true}]}}