{"id":1272,"date":"2024-10-20T16:24:11","date_gmt":"2024-10-20T16:24:11","guid":{"rendered":"https:\/\/www.ptpi.pl\/?page_id=1272"},"modified":"2024-10-20T16:29:23","modified_gmt":"2024-10-20T16:29:23","slug":"asap-antt","status":"publish","type":"page","link":"https:\/\/www.ptpi.pl\/index.php\/asap-antt\/","title":{"rendered":"ASAP\/ANTT"},"content":{"rendered":"\n<p><strong>Polskie Towarzystwo Piel\u0119gniarstwa Infuzyjnego<\/strong>&nbsp;i&nbsp;<strong>Stowarzyszenie na rzecz Bezpiecznej Praktyki Aseptycznej (ASAP)<\/strong>&nbsp;wsp\u00f3\u0142pracuj\u0105 w celu promowania standard\u00f3w bezpiecze\u0144stwa w opiece medycznej w Polsce, wdra\u017caj\u0105c&nbsp;Aseptic Non Touch Technique (ANTT).<\/p>\n\n\n\n<p>ANTT jest mi\u0119dzynarodowym standardem dla krytycznych kompetencji klinicznych w zakresie techniki aseptycznej i jest stosowany w ponad 30 krajach. Jest to r\u00f3wnie\u017c zalecany standard techniki bezdotykowej opublikowany w wytycznych <strong>Infusion Nurses Society<\/strong> (INS 2024).<\/p>\n\n\n\n<figure class=\"wp-block-image aligncenter size-large is-resized\"><img loading=\"lazy\" decoding=\"async\" width=\"1024\" height=\"519\" src=\"https:\/\/www.ptpi.pl\/wp-content\/uploads\/2023\/04\/New-ASAP-Logo-2023-1024x519.jpg\" alt=\"\" class=\"wp-image-1126\" style=\"width:562px;height:auto\" srcset=\"https:\/\/www.ptpi.pl\/wp-content\/uploads\/2023\/04\/New-ASAP-Logo-2023-1024x519.jpg 1024w, https:\/\/www.ptpi.pl\/wp-content\/uploads\/2023\/04\/New-ASAP-Logo-2023-300x152.jpg 300w, https:\/\/www.ptpi.pl\/wp-content\/uploads\/2023\/04\/New-ASAP-Logo-2023-768x389.jpg 768w, https:\/\/www.ptpi.pl\/wp-content\/uploads\/2023\/04\/New-ASAP-Logo-2023-1536x779.jpg 1536w, https:\/\/www.ptpi.pl\/wp-content\/uploads\/2023\/04\/New-ASAP-Logo-2023-2048x1039.jpg 2048w\" sizes=\"auto, (max-width: 1024px) 100vw, 1024px\" \/><\/figure>\n\n\n\n<p>Jednym z kluczowych aspekt\u00f3w tej wsp\u00f3\u0142pracy jest t\u0142umaczenie materia\u0142\u00f3w edukacyjnych opracowanych przez ASAP na j\u0119zyk polski. Materia\u0142y przedstawiaj\u0105 zasady ANTT i standardy aseptyczne, u\u0142atwiaj\u0105c dostosowanie globalnych wytycznych do polskiego kontekstu i wdro\u017cenie ich w praktyce. Przet\u0142umaczone materia\u0142y pomagaj\u0105 pracownikom ochrony zdrowia zrozumie\u0107 kluczowe elementy tej techniki i jej rol\u0119 w zapobieganiu zaka\u017ceniom. Wyja\u015bniaj\u0105 r\u00f3wnie\u017c oczekiwania organizacji wobec praktyki. <\/p>\n\n\n\n<p>Zach\u0119camy do korzystania z nich.<\/p>\n\n\n\n<div class=\"wp-block-columns is-layout-flex wp-container-core-columns-is-layout-1 wp-block-columns-is-layout-flex\">\n<div class=\"wp-block-column is-layout-flow wp-block-column-is-layout-flow\">\n<figure class=\"wp-block-image size-large\"><img loading=\"lazy\" decoding=\"async\" width=\"1024\" height=\"721\" src=\"https:\/\/www.ptpi.pl\/wp-content\/uploads\/2024\/10\/Zrzut-ekranu-2024-10-20-o-18.27.50-1024x721.png\" alt=\"\" class=\"wp-image-1277\" srcset=\"https:\/\/www.ptpi.pl\/wp-content\/uploads\/2024\/10\/Zrzut-ekranu-2024-10-20-o-18.27.50-1024x721.png 1024w, https:\/\/www.ptpi.pl\/wp-content\/uploads\/2024\/10\/Zrzut-ekranu-2024-10-20-o-18.27.50-300x211.png 300w, https:\/\/www.ptpi.pl\/wp-content\/uploads\/2024\/10\/Zrzut-ekranu-2024-10-20-o-18.27.50-768x541.png 768w, https:\/\/www.ptpi.pl\/wp-content\/uploads\/2024\/10\/Zrzut-ekranu-2024-10-20-o-18.27.50-1536x1082.png 1536w, https:\/\/www.ptpi.pl\/wp-content\/uploads\/2024\/10\/Zrzut-ekranu-2024-10-20-o-18.27.50.png 1684w\" sizes=\"auto, (max-width: 1024px) 100vw, 1024px\" \/><\/figure>\n<\/div>\n\n\n\n<div class=\"wp-block-column is-layout-flow wp-block-column-is-layout-flow\">\n<figure class=\"wp-block-image size-large\"><img loading=\"lazy\" decoding=\"async\" width=\"1024\" height=\"724\" src=\"https:\/\/www.ptpi.pl\/wp-content\/uploads\/2024\/10\/Zrzut-ekranu-2024-10-20-o-18.29.01-1024x724.png\" alt=\"\" class=\"wp-image-1278\" srcset=\"https:\/\/www.ptpi.pl\/wp-content\/uploads\/2024\/10\/Zrzut-ekranu-2024-10-20-o-18.29.01-1024x724.png 1024w, https:\/\/www.ptpi.pl\/wp-content\/uploads\/2024\/10\/Zrzut-ekranu-2024-10-20-o-18.29.01-300x212.png 300w, https:\/\/www.ptpi.pl\/wp-content\/uploads\/2024\/10\/Zrzut-ekranu-2024-10-20-o-18.29.01-768x543.png 768w, https:\/\/www.ptpi.pl\/wp-content\/uploads\/2024\/10\/Zrzut-ekranu-2024-10-20-o-18.29.01-1536x1087.png 1536w, https:\/\/www.ptpi.pl\/wp-content\/uploads\/2024\/10\/Zrzut-ekranu-2024-10-20-o-18.29.01.png 1682w\" sizes=\"auto, (max-width: 1024px) 100vw, 1024px\" \/><\/figure>\n<\/div>\n<\/div>\n\n\n\n<p>Aby otrzyma\u0107 przet\u0142umaczone materia\u0142y nale\u017cy <a href=\"https:\/\/www.antt.org\/polandins.html\">wej\u015b\u0107 na stron\u0119 ASAP<\/a> i napisa\u0107 maila z pro\u015bb\u0105 o ich udostepnienie w j\u0119zyku polskim (administratorem materia\u0142\u00f3w jest ASAP, nie PTPI).<\/p>\n\n\n\n<figure class=\"wp-block-image size-full is-resized\"><img loading=\"lazy\" decoding=\"async\" width=\"420\" height=\"420\" src=\"https:\/\/www.ptpi.pl\/wp-content\/uploads\/2024\/10\/antt_polandINS.png\" alt=\"\" class=\"wp-image-1276\" style=\"width:81px;height:auto\" srcset=\"https:\/\/www.ptpi.pl\/wp-content\/uploads\/2024\/10\/antt_polandINS.png 420w, https:\/\/www.ptpi.pl\/wp-content\/uploads\/2024\/10\/antt_polandINS-300x300.png 300w, https:\/\/www.ptpi.pl\/wp-content\/uploads\/2024\/10\/antt_polandINS-150x150.png 150w\" sizes=\"auto, (max-width: 420px) 100vw, 420px\" \/><\/figure>\n\n\n\n<p><\/p>\n","protected":false},"excerpt":{"rendered":"<p>Polskie Towarzystwo Piel\u0119gniarstwa Infuzyjnego&nbsp;i&nbsp;Stowarzyszenie na rzecz Bezpiecznej Praktyki Aseptycznej (ASAP)&nbsp;wsp\u00f3\u0142pracuj\u0105 w celu promowania standard\u00f3w bezpiecze\u0144stwa w opiece medycznej w Polsce, wdra\u017caj\u0105c&nbsp;Aseptic Non Touch Technique (ANTT). ANTT jest mi\u0119dzynarodowym standardem dla krytycznych kompetencji klinicznych w zakresie techniki aseptycznej i jest stosowany w ponad 30 krajach. Jest to r\u00f3wnie\u017c zalecany standard techniki bezdotykowej opublikowany w wytycznych Infusion [&hellip;]<\/p>\n","protected":false},"author":1,"featured_media":0,"parent":0,"menu_order":0,"comment_status":"closed","ping_status":"closed","template":"","meta":{"_themeisle_gutenberg_block_has_review":false,"footnotes":""},"class_list":["post-1272","page","type-page","status-publish","hentry"],"_links":{"self":[{"href":"https:\/\/www.ptpi.pl\/index.php\/wp-json\/wp\/v2\/pages\/1272","targetHints":{"allow":["GET"]}}],"collection":[{"href":"https:\/\/www.ptpi.pl\/index.php\/wp-json\/wp\/v2\/pages"}],"about":[{"href":"https:\/\/www.ptpi.pl\/index.php\/wp-json\/wp\/v2\/types\/page"}],"author":[{"embeddable":true,"href":"https:\/\/www.ptpi.pl\/index.php\/wp-json\/wp\/v2\/users\/1"}],"replies":[{"embeddable":true,"href":"https:\/\/www.ptpi.pl\/index.php\/wp-json\/wp\/v2\/comments?post=1272"}],"version-history":[{"count":2,"href":"https:\/\/www.ptpi.pl\/index.php\/wp-json\/wp\/v2\/pages\/1272\/revisions"}],"predecessor-version":[{"id":1279,"href":"https:\/\/www.ptpi.pl\/index.php\/wp-json\/wp\/v2\/pages\/1272\/revisions\/1279"}],"wp:attachment":[{"href":"https:\/\/www.ptpi.pl\/index.php\/wp-json\/wp\/v2\/media?parent=1272"}],"curies":[{"name":"wp","href":"https:\/\/api.w.org\/{rel}","templated":true}]}}