{"id":1089,"date":"2024-07-19T17:30:54","date_gmt":"2024-07-19T17:30:54","guid":{"rendered":"https:\/\/www.ptpi.pl\/?page_id=1089"},"modified":"2026-03-03T13:11:25","modified_gmt":"2026-03-03T13:11:25","slug":"rada-naukowa","status":"publish","type":"page","link":"https:\/\/www.ptpi.pl\/index.php\/rada-naukowa\/","title":{"rendered":"Rada Naukowa"},"content":{"rendered":"\n<p class=\"has-text-align-center has-ti-bg-alt-background-color has-background\"><strong>Rada Naukowa Polskiego Towarzystwa Piel\u0119gniarstwa Infuzyjnego<\/strong><\/p>\n\n\n\n<p>Do g\u0142\u00f3wnych zada\u0144 Rady Naukowej nale\u017cy:<\/p>\n\n\n\n<ul class=\"wp-block-list\">\n<li>promowanie aktualnej wiedzy opartej na dowodach naukowych w \u015brodowisku akademickim,<\/li>\n\n\n\n<li>opiniowanie wraz z Zarz\u0105dem spornych kwestii legislacyjnych i pyta\u0144 dotycz\u0105cych praktyki klinicznej,<\/li>\n\n\n\n<li>wsparcie Zarz\u0105du i os\u00f3b nale\u017c\u0105cych do PTPI w merytorycznych kwestiach bie\u017c\u0105cej dzia\u0142alno\u015bci,<\/li>\n\n\n\n<li>opracowywanie publikacji i dokument\u00f3w opartych na dowodach naukowych.<\/li>\n<\/ul>\n\n\n\n<p class=\"has-text-align-center has-ti-bg-alt-background-color has-background\"><strong>Przewodnicz\u0105ca Rady<\/strong><\/p>\n\n\n\n<p class=\"has-text-align-center\">Dr n. o zdr. Natalia Sak-Dankosky<\/p>\n\n\n\n<p class=\"has-text-align-center has-ti-bg-alt-background-color has-background\"><strong>Sk\u0142ad Rady<\/strong><\/p>\n\n\n\n<p class=\"has-text-align-center\"> Mgr Izabela Fornal (Wiceprzewodnicz\u0105ca Rady)<\/p>\n\n\n\n<p class=\"has-text-align-center\">Dr n. med. i n. o zdr. Maciej Latos (Sekretarz)<\/p>\n\n\n\n<p class=\"has-text-align-center\">Dr n. med. i n. o zdr. Grzegorz Cichowlas<\/p>\n\n\n\n<p class=\"has-text-align-center\">Dr n. med. i n. o zdr. Pawe\u0142 Witt<\/p>\n\n\n\n<p class=\"has-text-align-center\">Dr n. o zdr. Katarzyna Lis<\/p>\n\n\n\n<p class=\"has-text-align-center\">Mgr Marceli Solecki<\/p>\n\n\n\n<p class=\"has-text-align-center\">Mgr Damian Roma\u0144czuk<\/p>\n\n\n\n<p class=\"has-text-align-center\">Mgr Agata Bryk<\/p>\n\n\n\n<p class=\"has-text-align-center\">Mgr Anna G\u0105sior<\/p>\n\n\n\n<p class=\"has-text-align-center\">Mgr Katarzyna Illmer<\/p>\n\n\n\n<p class=\"has-text-align-center\">Mgr Katarzyna Le\u0144ska<\/p>\n\n\n\n<p class=\"has-text-align-center\">Mgr Jolanta Wo\u0142osianka<\/p>\n\n\n\n<p class=\"has-text-align-center\">Mgr Ma\u0142gorzata Jadczak<\/p>\n\n\n\n<p class=\"has-text-align-center\">Lek. Bartosz Sadownik<\/p>\n\n\n\n<p class=\"has-text-align-center\">Dr n. med. i n. o zdr. Micha\u0142 Machul<\/p>\n\n\n\n<p class=\"has-text-align-center\">Dr n. med i n. o zdr. Natalia Pawlak<\/p>\n\n\n\n<p><span style=\"text-decoration: underline;\"><strong>Dokumenty do pobrania:<\/strong><\/span><\/p>\n\n\n\n<p><a href=\"https:\/\/www.ptpi.pl\/wp-content\/uploads\/2026\/02\/Regulamin-Rady-Naukowej.pdf\" data-type=\"attachment\" data-id=\"1879\">Regulamin Rady Naukowej<\/a><\/p>\n\n\n\n<p><a href=\"https:\/\/www.ptpi.pl\/wp-content\/uploads\/2026\/02\/Regulamin_Finansowy_PTPI-2.pdf\" data-type=\"attachment\" data-id=\"1880\">Dofinansowanie konferencji i publikacji<\/a><\/p>\n\n\n\n<p><a href=\"https:\/\/www.ptpi.pl\/index.php\/stanowiska-i-rekomendacje\/\" data-type=\"page\" data-id=\"496\">Wydane opinie i stanowiska<\/a><\/p>\n\n\n\n<p><\/p>\n","protected":false},"excerpt":{"rendered":"<p>Rada Naukowa Polskiego Towarzystwa Piel\u0119gniarstwa Infuzyjnego Do g\u0142\u00f3wnych zada\u0144 Rady Naukowej nale\u017cy: Przewodnicz\u0105ca Rady Dr n. o zdr. Natalia Sak-Dankosky Sk\u0142ad Rady Mgr Izabela Fornal (Wiceprzewodnicz\u0105ca Rady) Dr n. med. i n. o zdr. Maciej Latos (Sekretarz) Dr n. med. i n. o zdr. Grzegorz Cichowlas Dr n. med. i n. o zdr. Pawe\u0142 Witt [&hellip;]<\/p>\n","protected":false},"author":1,"featured_media":0,"parent":0,"menu_order":0,"comment_status":"closed","ping_status":"closed","template":"","meta":{"_themeisle_gutenberg_block_has_review":false,"footnotes":""},"class_list":["post-1089","page","type-page","status-publish","hentry"],"_links":{"self":[{"href":"https:\/\/www.ptpi.pl\/index.php\/wp-json\/wp\/v2\/pages\/1089","targetHints":{"allow":["GET"]}}],"collection":[{"href":"https:\/\/www.ptpi.pl\/index.php\/wp-json\/wp\/v2\/pages"}],"about":[{"href":"https:\/\/www.ptpi.pl\/index.php\/wp-json\/wp\/v2\/types\/page"}],"author":[{"embeddable":true,"href":"https:\/\/www.ptpi.pl\/index.php\/wp-json\/wp\/v2\/users\/1"}],"replies":[{"embeddable":true,"href":"https:\/\/www.ptpi.pl\/index.php\/wp-json\/wp\/v2\/comments?post=1089"}],"version-history":[{"count":11,"href":"https:\/\/www.ptpi.pl\/index.php\/wp-json\/wp\/v2\/pages\/1089\/revisions"}],"predecessor-version":[{"id":1903,"href":"https:\/\/www.ptpi.pl\/index.php\/wp-json\/wp\/v2\/pages\/1089\/revisions\/1903"}],"wp:attachment":[{"href":"https:\/\/www.ptpi.pl\/index.php\/wp-json\/wp\/v2\/media?parent=1089"}],"curies":[{"name":"wp","href":"https:\/\/api.w.org\/{rel}","templated":true}]}}