{"id":101,"date":"2023-04-22T02:11:40","date_gmt":"2023-04-22T02:11:40","guid":{"rendered":"http:\/\/www.ptpi.pl\/?page_id=101"},"modified":"2025-08-25T18:12:32","modified_gmt":"2025-08-25T18:12:32","slug":"infuszkola","status":"publish","type":"page","link":"https:\/\/www.ptpi.pl\/index.php\/infuszkola\/","title":{"rendered":"InfuSzko\u0142a"},"content":{"rendered":"\n<div class=\"wp-block-group alignfull has-ti-fg-alt-color has-custom-2-b-4066-background-color has-text-color has-background has-medium-font-size is-layout-constrained wp-container-core-group-is-layout-3 wp-block-group-is-layout-constrained\" style=\"margin-top:0px;margin-bottom:0px;padding-top:26px;padding-bottom:26px\">\n<div class=\"wp-block-group alignwide is-layout-flow wp-container-core-group-is-layout-2 wp-block-group-is-layout-flow\">\n<div class=\"wp-block-group is-layout-flow wp-container-core-group-is-layout-1 wp-block-group-is-layout-flow\">\n<h1 class=\"wp-block-heading has-text-align-center has-large-font-size\"><strong>Wspieramy <\/strong><\/h1>\n\n\n\n<p class=\"has-text-align-center has-large-font-size\"><strong>edukacj\u0119 podyplomow\u0105 piel\u0119gniarek i po\u0142o\u017cnych<\/strong><\/p>\n<\/div>\n<\/div>\n<\/div>\n\n\n\n<div class=\"wp-block-columns is-layout-flex wp-container-core-columns-is-layout-1 wp-block-columns-is-layout-flex\">\n<div class=\"wp-block-column is-layout-flow wp-block-column-is-layout-flow\" style=\"flex-basis:33.33%\">\n<figure class=\"wp-block-image aligncenter size-thumbnail is-resized\"><img decoding=\"async\" src=\"https:\/\/www.ptpi.pl\/wp-content\/uploads\/2023\/09\/INFUSZKOLA-150x150.png\" alt=\"\" class=\"wp-image-671\" style=\"width:130px;height:130px\"\/><\/figure>\n<\/div>\n\n\n\n<div class=\"wp-block-column is-layout-flow wp-block-column-is-layout-flow\" style=\"flex-basis:66.66%\">\n<p><strong>InfuSzko\u0142a<\/strong> to program edukacyjny non-profit w formie cyklu wyk\u0142ad\u00f3w skierowany do aktywnych zawodowo zespo\u0142\u00f3w piel\u0119gniarskich. <\/p>\n<\/div>\n<\/div>\n\n\n\n<blockquote class=\"wp-block-quote is-layout-flow wp-block-quote-is-layout-flow\">\n<p>Celem jest zwi\u0119kszanie \u015bwiadomo\u015bci i wiedzy personelu zajmuj\u0105cego si\u0119 codziennie pacjentami, u kt\u00f3rych wymagane do przeprowadzenia terapii s\u0105 kaniulacja i prowadzenie infuzji do\u017cylnej. Projekt zosta\u0142 stworzony we wsp\u00f3\u0142pracy z <a href=\"http:\/\/midlineacademy.pl\" data-type=\"URL\" data-id=\"midlineacademy.pl\">Midline Academy<\/a>.<\/p>\n<\/blockquote>\n\n\n\n<p>Do przeprowadzenia wyk\u0142ad\u00f3w zaproszeni zostali eksperci-praktycy, kt\u00f3rzy dziel\u0105 si\u0119 swoj\u0105 wiedz\u0105 i do\u015bwiadczeniem.<\/p>\n\n\n\n<p>Nad sprawnym przebiegiem cyklu edukacyjnego czuwa Agnieszka Lamcha-Che\u0142chowska.<\/p>\n\n\n\n<div class=\"wp-block-cover alignfull is-light\" style=\"min-height:470px;aspect-ratio:unset;\"><span aria-hidden=\"true\" class=\"wp-block-cover__background has-background-dim-100 has-background-dim\" style=\"background-color:#ffffff\"><\/span><div class=\"wp-block-cover__inner-container is-layout-flow wp-block-cover-is-layout-flow\">\n<div class=\"wp-block-media-text alignwide is-stacked-on-mobile is-vertically-aligned-center is-image-fill-element\" style=\"grid-template-columns:56% auto\"><figure class=\"wp-block-media-text__media\"><img loading=\"lazy\" decoding=\"async\" width=\"832\" height=\"640\" src=\"https:\/\/www.ptpi.pl\/wp-content\/uploads\/2023\/05\/555AE8D5-29C6-45DD-9B57-DFBBFF78FC15.jpg\" alt=\"\" class=\"wp-image-313 size-full\" style=\"object-position:50% 50%\" srcset=\"https:\/\/www.ptpi.pl\/wp-content\/uploads\/2023\/05\/555AE8D5-29C6-45DD-9B57-DFBBFF78FC15.jpg 832w, https:\/\/www.ptpi.pl\/wp-content\/uploads\/2023\/05\/555AE8D5-29C6-45DD-9B57-DFBBFF78FC15-300x231.jpg 300w, https:\/\/www.ptpi.pl\/wp-content\/uploads\/2023\/05\/555AE8D5-29C6-45DD-9B57-DFBBFF78FC15-768x591.jpg 768w\" sizes=\"auto, (max-width: 832px) 100vw, 832px\" \/><\/figure><div class=\"wp-block-media-text__content\">\n<h2 class=\"wp-block-heading has-custom-2-b-4066-color has-text-color\" style=\"font-size:23px\"><strong>Jaki jest koszt?<\/strong><\/h2>\n\n\n\n<p class=\"has-custom-2-b-4066-color has-text-color\" style=\"font-size:17px\">InfuSzko\u0142a jest projektem bezp\u0142atnym. <\/p>\n\n\n\n<ul class=\"wp-block-list\">\n<li class=\"has-custom-2-b-4066-color has-text-color has-link-color wp-elements-bb86ab1130213066e22e61de1dbf25c2\">Liczba miejsc jest ograniczona do 50 Uczestnik\u00f3w. <\/li>\n\n\n\n<li class=\"has-custom-2-b-4066-color has-text-color has-link-color wp-elements-3fb45157aa683ab21c5de1fc681b6dd3\">Certyfikat uko\u0144czenia otrzymaj\u0105 Uczestnicy, kt\u00f3rzy wezm\u0105 udzia\u0142 w 75% zaj\u0119\u0107.<\/li>\n\n\n\n<li class=\"has-custom-2-b-4066-color has-text-color has-link-color wp-elements-8dfda0d1065e0432b308d9bda9f33e8d\">Ze wzgl\u0119du na du\u017ce zainteresowanie projektem i ograniczon\u0105 liczb\u0119 miejsc prosimy o przemy\u015blane zapisy.<\/li>\n<\/ul>\n\n\n\n<div class=\"wp-block-buttons is-layout-flex wp-block-buttons-is-layout-flex\"><\/div>\n<\/div><\/div>\n<\/div><\/div>\n\n\n\n<p>Tematy, kt\u00f3re prezentujemy w ramach InfuSzko\u0142y:<\/p>\n\n\n\n<div class=\"wp-block-columns is-layout-flex wp-container-core-columns-is-layout-2 wp-block-columns-is-layout-flex\">\n<div class=\"wp-block-column is-layout-flow wp-block-column-is-layout-flow\">\n<figure class=\"wp-block-image size-large\"><img loading=\"lazy\" decoding=\"async\" width=\"1024\" height=\"1024\" src=\"https:\/\/www.ptpi.pl\/wp-content\/uploads\/2025\/01\/att.bp9gkTzUL8CGP8ECsKFcgx5cP50mLE9IGIqrfVqyJv0-1024x1024.jpg\" alt=\"\" class=\"wp-image-1523\" srcset=\"https:\/\/www.ptpi.pl\/wp-content\/uploads\/2025\/01\/att.bp9gkTzUL8CGP8ECsKFcgx5cP50mLE9IGIqrfVqyJv0-1024x1024.jpg 1024w, https:\/\/www.ptpi.pl\/wp-content\/uploads\/2025\/01\/att.bp9gkTzUL8CGP8ECsKFcgx5cP50mLE9IGIqrfVqyJv0-300x300.jpg 300w, https:\/\/www.ptpi.pl\/wp-content\/uploads\/2025\/01\/att.bp9gkTzUL8CGP8ECsKFcgx5cP50mLE9IGIqrfVqyJv0-150x150.jpg 150w, https:\/\/www.ptpi.pl\/wp-content\/uploads\/2025\/01\/att.bp9gkTzUL8CGP8ECsKFcgx5cP50mLE9IGIqrfVqyJv0-768x768.jpg 768w, https:\/\/www.ptpi.pl\/wp-content\/uploads\/2025\/01\/att.bp9gkTzUL8CGP8ECsKFcgx5cP50mLE9IGIqrfVqyJv0.jpg 1080w\" sizes=\"auto, (max-width: 1024px) 100vw, 1024px\" \/><\/figure>\n<\/div>\n\n\n\n<div class=\"wp-block-column is-layout-flow wp-block-column-is-layout-flow\">\n<figure class=\"wp-block-image size-large\"><img loading=\"lazy\" decoding=\"async\" width=\"1024\" height=\"1024\" src=\"https:\/\/www.ptpi.pl\/wp-content\/uploads\/2025\/01\/att.Tyg6UE2rzYs79sB_RrJyL_Hgq4cD8PqOluwaiXlmvVM-1024x1024.jpg\" alt=\"\" class=\"wp-image-1518\" srcset=\"https:\/\/www.ptpi.pl\/wp-content\/uploads\/2025\/01\/att.Tyg6UE2rzYs79sB_RrJyL_Hgq4cD8PqOluwaiXlmvVM-1024x1024.jpg 1024w, https:\/\/www.ptpi.pl\/wp-content\/uploads\/2025\/01\/att.Tyg6UE2rzYs79sB_RrJyL_Hgq4cD8PqOluwaiXlmvVM-300x300.jpg 300w, https:\/\/www.ptpi.pl\/wp-content\/uploads\/2025\/01\/att.Tyg6UE2rzYs79sB_RrJyL_Hgq4cD8PqOluwaiXlmvVM-150x150.jpg 150w, https:\/\/www.ptpi.pl\/wp-content\/uploads\/2025\/01\/att.Tyg6UE2rzYs79sB_RrJyL_Hgq4cD8PqOluwaiXlmvVM-768x768.jpg 768w, https:\/\/www.ptpi.pl\/wp-content\/uploads\/2025\/01\/att.Tyg6UE2rzYs79sB_RrJyL_Hgq4cD8PqOluwaiXlmvVM.jpg 1080w\" sizes=\"auto, (max-width: 1024px) 100vw, 1024px\" \/><\/figure>\n<\/div>\n\n\n\n<div class=\"wp-block-column is-layout-flow wp-block-column-is-layout-flow\">\n<figure class=\"wp-block-image size-large\"><img loading=\"lazy\" decoding=\"async\" width=\"1024\" height=\"1024\" src=\"https:\/\/www.ptpi.pl\/wp-content\/uploads\/2025\/01\/att.hoAgajl_tgQ7M9WGSUi1uUFuSiffT6RaEl4oHOpoN8U-1024x1024.jpg\" alt=\"\" class=\"wp-image-1522\" srcset=\"https:\/\/www.ptpi.pl\/wp-content\/uploads\/2025\/01\/att.hoAgajl_tgQ7M9WGSUi1uUFuSiffT6RaEl4oHOpoN8U-1024x1024.jpg 1024w, https:\/\/www.ptpi.pl\/wp-content\/uploads\/2025\/01\/att.hoAgajl_tgQ7M9WGSUi1uUFuSiffT6RaEl4oHOpoN8U-300x300.jpg 300w, https:\/\/www.ptpi.pl\/wp-content\/uploads\/2025\/01\/att.hoAgajl_tgQ7M9WGSUi1uUFuSiffT6RaEl4oHOpoN8U-150x150.jpg 150w, https:\/\/www.ptpi.pl\/wp-content\/uploads\/2025\/01\/att.hoAgajl_tgQ7M9WGSUi1uUFuSiffT6RaEl4oHOpoN8U-768x768.jpg 768w, https:\/\/www.ptpi.pl\/wp-content\/uploads\/2025\/01\/att.hoAgajl_tgQ7M9WGSUi1uUFuSiffT6RaEl4oHOpoN8U.jpg 1080w\" sizes=\"auto, (max-width: 1024px) 100vw, 1024px\" \/><\/figure>\n<\/div>\n<\/div>\n\n\n\n<div class=\"wp-block-columns is-layout-flex wp-container-core-columns-is-layout-3 wp-block-columns-is-layout-flex\">\n<div class=\"wp-block-column is-layout-flow wp-block-column-is-layout-flow\">\n<figure class=\"wp-block-image size-large\"><img loading=\"lazy\" decoding=\"async\" width=\"1024\" height=\"1024\" src=\"https:\/\/www.ptpi.pl\/wp-content\/uploads\/2025\/01\/att.4cfnhaFJICJYvb2XbwQA448k8Gy3F6sahKy0QRQwgYE-1024x1024.jpg\" alt=\"\" class=\"wp-image-1526\" srcset=\"https:\/\/www.ptpi.pl\/wp-content\/uploads\/2025\/01\/att.4cfnhaFJICJYvb2XbwQA448k8Gy3F6sahKy0QRQwgYE-1024x1024.jpg 1024w, https:\/\/www.ptpi.pl\/wp-content\/uploads\/2025\/01\/att.4cfnhaFJICJYvb2XbwQA448k8Gy3F6sahKy0QRQwgYE-300x300.jpg 300w, https:\/\/www.ptpi.pl\/wp-content\/uploads\/2025\/01\/att.4cfnhaFJICJYvb2XbwQA448k8Gy3F6sahKy0QRQwgYE-150x150.jpg 150w, https:\/\/www.ptpi.pl\/wp-content\/uploads\/2025\/01\/att.4cfnhaFJICJYvb2XbwQA448k8Gy3F6sahKy0QRQwgYE-768x768.jpg 768w, https:\/\/www.ptpi.pl\/wp-content\/uploads\/2025\/01\/att.4cfnhaFJICJYvb2XbwQA448k8Gy3F6sahKy0QRQwgYE.jpg 1080w\" sizes=\"auto, (max-width: 1024px) 100vw, 1024px\" \/><\/figure>\n<\/div>\n\n\n\n<div class=\"wp-block-column is-layout-flow wp-block-column-is-layout-flow\">\n<figure class=\"wp-block-image size-large\"><img loading=\"lazy\" decoding=\"async\" width=\"1024\" height=\"1024\" src=\"https:\/\/www.ptpi.pl\/wp-content\/uploads\/2025\/01\/att.qNCsxS6SQI6NYEQdWk_6YFS8Mgg27SYOA_Xmgr1JdrQ-1024x1024.jpg\" alt=\"\" class=\"wp-image-1521\" srcset=\"https:\/\/www.ptpi.pl\/wp-content\/uploads\/2025\/01\/att.qNCsxS6SQI6NYEQdWk_6YFS8Mgg27SYOA_Xmgr1JdrQ-1024x1024.jpg 1024w, https:\/\/www.ptpi.pl\/wp-content\/uploads\/2025\/01\/att.qNCsxS6SQI6NYEQdWk_6YFS8Mgg27SYOA_Xmgr1JdrQ-300x300.jpg 300w, https:\/\/www.ptpi.pl\/wp-content\/uploads\/2025\/01\/att.qNCsxS6SQI6NYEQdWk_6YFS8Mgg27SYOA_Xmgr1JdrQ-150x150.jpg 150w, https:\/\/www.ptpi.pl\/wp-content\/uploads\/2025\/01\/att.qNCsxS6SQI6NYEQdWk_6YFS8Mgg27SYOA_Xmgr1JdrQ-768x768.jpg 768w, https:\/\/www.ptpi.pl\/wp-content\/uploads\/2025\/01\/att.qNCsxS6SQI6NYEQdWk_6YFS8Mgg27SYOA_Xmgr1JdrQ.jpg 1080w\" sizes=\"auto, (max-width: 1024px) 100vw, 1024px\" \/><\/figure>\n<\/div>\n\n\n\n<div class=\"wp-block-column is-layout-flow wp-block-column-is-layout-flow\">\n<figure class=\"wp-block-image size-large\"><img loading=\"lazy\" decoding=\"async\" width=\"1024\" height=\"1024\" src=\"https:\/\/www.ptpi.pl\/wp-content\/uploads\/2025\/01\/att.sPylpcKyc9Dkw8aD3LFQ1qYoCj5lHckdFruY_VFYBLI-1024x1024.jpg\" alt=\"\" class=\"wp-image-1520\" srcset=\"https:\/\/www.ptpi.pl\/wp-content\/uploads\/2025\/01\/att.sPylpcKyc9Dkw8aD3LFQ1qYoCj5lHckdFruY_VFYBLI-1024x1024.jpg 1024w, https:\/\/www.ptpi.pl\/wp-content\/uploads\/2025\/01\/att.sPylpcKyc9Dkw8aD3LFQ1qYoCj5lHckdFruY_VFYBLI-300x300.jpg 300w, https:\/\/www.ptpi.pl\/wp-content\/uploads\/2025\/01\/att.sPylpcKyc9Dkw8aD3LFQ1qYoCj5lHckdFruY_VFYBLI-150x150.jpg 150w, https:\/\/www.ptpi.pl\/wp-content\/uploads\/2025\/01\/att.sPylpcKyc9Dkw8aD3LFQ1qYoCj5lHckdFruY_VFYBLI-768x768.jpg 768w, https:\/\/www.ptpi.pl\/wp-content\/uploads\/2025\/01\/att.sPylpcKyc9Dkw8aD3LFQ1qYoCj5lHckdFruY_VFYBLI.jpg 1080w\" sizes=\"auto, (max-width: 1024px) 100vw, 1024px\" \/><\/figure>\n<\/div>\n<\/div>\n\n\n\n<div class=\"wp-block-columns is-layout-flex wp-container-core-columns-is-layout-4 wp-block-columns-is-layout-flex\">\n<div class=\"wp-block-column is-layout-flow wp-block-column-is-layout-flow\">\n<figure class=\"wp-block-image size-large\"><img loading=\"lazy\" decoding=\"async\" width=\"1024\" height=\"1024\" src=\"https:\/\/www.ptpi.pl\/wp-content\/uploads\/2025\/01\/att.tpYe6DMK3KlezTUhr5mmzaIpZbmtXZUEn_wYJgYbAkc-1024x1024.jpg\" alt=\"\" class=\"wp-image-1519\" srcset=\"https:\/\/www.ptpi.pl\/wp-content\/uploads\/2025\/01\/att.tpYe6DMK3KlezTUhr5mmzaIpZbmtXZUEn_wYJgYbAkc-1024x1024.jpg 1024w, https:\/\/www.ptpi.pl\/wp-content\/uploads\/2025\/01\/att.tpYe6DMK3KlezTUhr5mmzaIpZbmtXZUEn_wYJgYbAkc-300x300.jpg 300w, https:\/\/www.ptpi.pl\/wp-content\/uploads\/2025\/01\/att.tpYe6DMK3KlezTUhr5mmzaIpZbmtXZUEn_wYJgYbAkc-150x150.jpg 150w, https:\/\/www.ptpi.pl\/wp-content\/uploads\/2025\/01\/att.tpYe6DMK3KlezTUhr5mmzaIpZbmtXZUEn_wYJgYbAkc-768x768.jpg 768w, https:\/\/www.ptpi.pl\/wp-content\/uploads\/2025\/01\/att.tpYe6DMK3KlezTUhr5mmzaIpZbmtXZUEn_wYJgYbAkc.jpg 1080w\" sizes=\"auto, (max-width: 1024px) 100vw, 1024px\" \/><\/figure>\n<\/div>\n\n\n\n<div class=\"wp-block-column is-layout-flow wp-block-column-is-layout-flow\">\n<figure class=\"wp-block-image size-large\"><img loading=\"lazy\" decoding=\"async\" width=\"1024\" height=\"1024\" src=\"https:\/\/www.ptpi.pl\/wp-content\/uploads\/2025\/01\/att.b9b26SnaJj1pOOQozur27Sz7xRx4kkLHT76pxKD16Go-1024x1024.jpg\" alt=\"\" class=\"wp-image-1525\" srcset=\"https:\/\/www.ptpi.pl\/wp-content\/uploads\/2025\/01\/att.b9b26SnaJj1pOOQozur27Sz7xRx4kkLHT76pxKD16Go-1024x1024.jpg 1024w, https:\/\/www.ptpi.pl\/wp-content\/uploads\/2025\/01\/att.b9b26SnaJj1pOOQozur27Sz7xRx4kkLHT76pxKD16Go-300x300.jpg 300w, https:\/\/www.ptpi.pl\/wp-content\/uploads\/2025\/01\/att.b9b26SnaJj1pOOQozur27Sz7xRx4kkLHT76pxKD16Go-150x150.jpg 150w, https:\/\/www.ptpi.pl\/wp-content\/uploads\/2025\/01\/att.b9b26SnaJj1pOOQozur27Sz7xRx4kkLHT76pxKD16Go-768x768.jpg 768w, https:\/\/www.ptpi.pl\/wp-content\/uploads\/2025\/01\/att.b9b26SnaJj1pOOQozur27Sz7xRx4kkLHT76pxKD16Go.jpg 1080w\" sizes=\"auto, (max-width: 1024px) 100vw, 1024px\" \/><\/figure>\n<\/div>\n\n\n\n<div class=\"wp-block-column is-layout-flow wp-block-column-is-layout-flow\"><\/div>\n<\/div>\n\n\n\n<p>Zespo\u0142y piel\u0119gniarskie maj\u0105 obecnie do dyspozycji bardzo du\u017c\u0105 liczb\u0119 kurs\u00f3w: zar\u00f3wno przewidzianych w kszta\u0142ceniu podyplomowym jak i kurs\u00f3w dodatkowych, komercyjnych. Mimo wszystko wiemy, \u017ce nie s\u0105 one \u2013 z r\u00f3\u017cnych wzgl\u0119d\u00f3w \u2013 w zasi\u0119gu wielu os\u00f3b, dlatego wyszli\u015bmy temu naprzeciw, zebrali\u015bmy grup\u0119 ekspert\u00f3w, kt\u00f3rzy w swoim wolnym czasie dziel\u0105 si\u0119 swoj\u0105 wiedz\u0105 i do\u015bwiadczeniem. Po ka\u017cdym cyklu odbywa si\u0119 spotkanie podsumowuj\u0105ce, podczas kt\u00f3rego Uczestnicy maj\u0105 mo\u017cliwo\u015b\u0107 udzia\u0142u w dyskusji na temat prezentowanych tre\u015bci. <\/p>\n\n\n\n<center><iframe loading=\"lazy\" src=\"https:\/\/docs.google.com\/forms\/d\/e\/1FAIpQLSeUubw4G1lumQjbYJs-7Ein_lgnX-rqlEIBmOsL7V1NG_9YNw\/viewform?embedded=true\" width=\"640\" height=\"1855\" frameborder=\"0\" marginheight=\"0\" marginwidth=\"0\">\u0141aduj\u0119\u2026<\/iframe><\/center>\n","protected":false},"excerpt":{"rendered":"<p>Wspieramy edukacj\u0119 podyplomow\u0105 piel\u0119gniarek i po\u0142o\u017cnych InfuSzko\u0142a to program edukacyjny non-profit w formie cyklu wyk\u0142ad\u00f3w skierowany do aktywnych zawodowo zespo\u0142\u00f3w piel\u0119gniarskich. Celem jest zwi\u0119kszanie \u015bwiadomo\u015bci i wiedzy personelu zajmuj\u0105cego si\u0119 codziennie pacjentami, u kt\u00f3rych wymagane do przeprowadzenia terapii s\u0105 kaniulacja i prowadzenie infuzji do\u017cylnej. Projekt zosta\u0142 stworzony we wsp\u00f3\u0142pracy z Midline Academy. Do przeprowadzenia wyk\u0142ad\u00f3w [&hellip;]<\/p>\n","protected":false},"author":1,"featured_media":0,"parent":0,"menu_order":0,"comment_status":"closed","ping_status":"closed","template":"","meta":{"_themeisle_gutenberg_block_has_review":false,"footnotes":""},"class_list":["post-101","page","type-page","status-publish","hentry"],"_links":{"self":[{"href":"https:\/\/www.ptpi.pl\/index.php\/wp-json\/wp\/v2\/pages\/101","targetHints":{"allow":["GET"]}}],"collection":[{"href":"https:\/\/www.ptpi.pl\/index.php\/wp-json\/wp\/v2\/pages"}],"about":[{"href":"https:\/\/www.ptpi.pl\/index.php\/wp-json\/wp\/v2\/types\/page"}],"author":[{"embeddable":true,"href":"https:\/\/www.ptpi.pl\/index.php\/wp-json\/wp\/v2\/users\/1"}],"replies":[{"embeddable":true,"href":"https:\/\/www.ptpi.pl\/index.php\/wp-json\/wp\/v2\/comments?post=101"}],"version-history":[{"count":18,"href":"https:\/\/www.ptpi.pl\/index.php\/wp-json\/wp\/v2\/pages\/101\/revisions"}],"predecessor-version":[{"id":1684,"href":"https:\/\/www.ptpi.pl\/index.php\/wp-json\/wp\/v2\/pages\/101\/revisions\/1684"}],"wp:attachment":[{"href":"https:\/\/www.ptpi.pl\/index.php\/wp-json\/wp\/v2\/media?parent=101"}],"curies":[{"name":"wp","href":"https:\/\/api.w.org\/{rel}","templated":true}]}}